{"id":44732,"date":"2025-09-17T14:19:46","date_gmt":"2025-09-17T12:19:46","guid":{"rendered":"https:\/\/www.bau-styl.hu\/epitoanyag\/?post_type=product&#038;p=44732"},"modified":"2026-01-28T16:31:44","modified_gmt":"2026-01-28T14:31:44","slug":"quick-step-unilin-avmpu40318-vinyl-padlo-brushed-oak-honey-6-mm-1-savos","status":"publish","type":"product","link":"https:\/\/www.bau-styl.hu\/epitoanyag\/termek\/quick-step-unilin-avmpu40318-vinyl-padlo-brushed-oak-honey-6-mm-1-savos\/","title":{"rendered":"Quick Step Vinyl padl\u00f3, Bloom Brushed oak honey"},"content":{"rendered":"","protected":false},"excerpt":{"rendered":"<p>Quick-Step Unilin AVMPU40318 Vinyl padl\u00f3, Brushed oak honey, 6 mm, 1 s\u00e1vos<\/p>\n<p><strong>Karcol\u00e1s- \u00e9s folt\u00e1ll\u00f3 v\u00e9delem \u2013 Scratch &amp; Stain Guard<\/strong><br \/>\nA speci\u00e1lis fels\u0151 v\u00e9d\u0151r\u00e9tegnek k\u00f6sz\u00f6nhet\u0151en a padl\u00f3k hossz\u00fa \u00e9veken \u00e1t meg\u0151rzik eredeti sz\u00e9ps\u00e9g\u00fcket. Ez a z\u00e1rt r\u00e9teg kiemelked\u0151 v\u00e9delmet ny\u00fajt a karcol\u00e1sok, foltok, szennyez\u0151d\u00e9sek \u00e9s a mindennapi kop\u00e1s ellen.<\/p>\n<p><strong>Gyors \u00e9s egyszer\u0171 telep\u00edt\u00e9s \u2013 Uniclic rendszer<\/strong><br \/>\nA Quick-Step \u00e1ltal kifejlesztett \u00e9s szabadalmaztatott Uniclic pattint\u00e1sos rendszerrel a padl\u00f3 lerak\u00e1sa gyerekj\u00e1t\u00e9k. A lapok k\u00f6nnyed\u00e9n, er\u0151fesz\u00edt\u00e9s n\u00e9lk\u00fcl illeszthet\u0151k egym\u00e1shoz, \u00edgy a telep\u00edt\u00e9s mindig pontos \u00e9s tart\u00f3s lesz.<\/p>\n<p><strong>Egys\u00e9ges st\u00edlus a kieg\u00e9sz\u00edt\u0151kkel<\/strong><br \/>\nA padl\u00f3hoz t\u00f6k\u00e9letesen ill\u0151 szeg\u00e9lyl\u00e9cek, profilok \u00e9s al\u00e1t\u00e9tek biztos\u00edtj\u00e1k az egys\u00e9ges, harmonikus \u00f6sszk\u00e9pet. \u00cdgy az enteri\u0151r nemcsak gy\u00f6ny\u00f6r\u0171, hanem professzion\u00e1lisan megtervezett is lesz.<\/p>\n","protected":false},"featured_media":44623,"template":"","meta":[],"product_brand":[],"product_cat":[8623],"product_tag":[10476],"class_list":{"0":"post-44732","1":"product","2":"type-product","3":"status-publish","4":"has-post-thumbnail","6":"product_cat-melegburkolat","7":"product_tag-vinyl-padlo","9":"first","10":"instock","11":"taxable","12":"shipping-taxable","13":"purchasable","14":"product-type-simple"},"aioseo_notices":[],"_links":{"self":[{"href":"https:\/\/www.bau-styl.hu\/epitoanyag\/wp-json\/wp\/v2\/product\/44732","targetHints":{"allow":["GET"]}}],"collection":[{"href":"https:\/\/www.bau-styl.hu\/epitoanyag\/wp-json\/wp\/v2\/product"}],"about":[{"href":"https:\/\/www.bau-styl.hu\/epitoanyag\/wp-json\/wp\/v2\/types\/product"}],"wp:featuredmedia":[{"embeddable":true,"href":"https:\/\/www.bau-styl.hu\/epitoanyag\/wp-json\/wp\/v2\/media\/44623"}],"wp:attachment":[{"href":"https:\/\/www.bau-styl.hu\/epitoanyag\/wp-json\/wp\/v2\/media?parent=44732"}],"wp:term":[{"taxonomy":"product_brand","embeddable":true,"href":"https:\/\/www.bau-styl.hu\/epitoanyag\/wp-json\/wp\/v2\/product_brand?post=44732"},{"taxonomy":"product_cat","embeddable":true,"href":"https:\/\/www.bau-styl.hu\/epitoanyag\/wp-json\/wp\/v2\/product_cat?post=44732"},{"taxonomy":"product_tag","embeddable":true,"href":"https:\/\/www.bau-styl.hu\/epitoanyag\/wp-json\/wp\/v2\/product_tag?post=44732"}],"curies":[{"name":"wp","href":"https:\/\/api.w.org\/{rel}","templated":true}]}}