{"id":44941,"date":"2025-09-25T11:59:23","date_gmt":"2025-09-25T09:59:23","guid":{"rendered":"https:\/\/www.bau-styl.hu\/epitoanyag\/?post_type=product&#038;p=44941"},"modified":"2026-03-16T10:32:30","modified_gmt":"2026-03-16T08:32:30","slug":"blautherm-termosztatos-teleszkopos-zuhanyoszlop-300x300-mm-es-negyzet-alaku-fejzuhannyal","status":"publish","type":"product","link":"https:\/\/www.bau-styl.hu\/epitoanyag\/termek\/blautherm-termosztatos-teleszkopos-zuhanyoszlop-300x300-mm-es-negyzet-alaku-fejzuhannyal\/","title":{"rendered":"Blautherm termoszt\u00e1tos, teleszk\u00f3pos matt fekete zuhanyoszlop 300&#215;300 mm-es, n\u00e9gyzet alak\u00fa fejzuhannyal"},"content":{"rendered":"","protected":false},"excerpt":{"rendered":"<p>Termoszt\u00e1tos, teleszk\u00f3pos zuhanyoszlop 300&#215;300 mm-es, n\u00e9gyzet alak\u00fa fejzuhannyal. Be\u00e9p\u00edtett Hot Block biztons\u00e1gi rendszerrel az \u00e9g\u00e9si s\u00e9r\u00fcl\u00e9sek megel\u0151z\u00e9s\u00e9re, valamint S2 v\u00edztakar\u00e9kos rendszerrel, amely k\u00e9tfokozat\u00fa karvez\u00e9rl\u00e9st biztos\u00edt. Magas ellen\u00e1ll\u00e1s\u00fa, matt fekete fel\u00fclet elektrosztatikus galvaniz\u00e1l\u00e1ssal.<\/p>\n","protected":false},"featured_media":44942,"template":"","meta":[],"product_brand":[10793],"product_cat":[10805],"product_tag":[],"class_list":{"0":"post-44941","1":"product","2":"type-product","3":"status-publish","4":"has-post-thumbnail","6":"product_brand-blautherm","7":"product_cat-csaptelep","9":"first","10":"instock","11":"sale","12":"taxable","13":"shipping-taxable","14":"purchasable","15":"product-type-simple"},"aioseo_notices":[],"_links":{"self":[{"href":"https:\/\/www.bau-styl.hu\/epitoanyag\/wp-json\/wp\/v2\/product\/44941","targetHints":{"allow":["GET"]}}],"collection":[{"href":"https:\/\/www.bau-styl.hu\/epitoanyag\/wp-json\/wp\/v2\/product"}],"about":[{"href":"https:\/\/www.bau-styl.hu\/epitoanyag\/wp-json\/wp\/v2\/types\/product"}],"wp:featuredmedia":[{"embeddable":true,"href":"https:\/\/www.bau-styl.hu\/epitoanyag\/wp-json\/wp\/v2\/media\/44942"}],"wp:attachment":[{"href":"https:\/\/www.bau-styl.hu\/epitoanyag\/wp-json\/wp\/v2\/media?parent=44941"}],"wp:term":[{"taxonomy":"product_brand","embeddable":true,"href":"https:\/\/www.bau-styl.hu\/epitoanyag\/wp-json\/wp\/v2\/product_brand?post=44941"},{"taxonomy":"product_cat","embeddable":true,"href":"https:\/\/www.bau-styl.hu\/epitoanyag\/wp-json\/wp\/v2\/product_cat?post=44941"},{"taxonomy":"product_tag","embeddable":true,"href":"https:\/\/www.bau-styl.hu\/epitoanyag\/wp-json\/wp\/v2\/product_tag?post=44941"}],"curies":[{"name":"wp","href":"https:\/\/api.w.org\/{rel}","templated":true}]}}