{"id":4509,"date":"2019-10-24T17:44:49","date_gmt":"2019-10-24T17:44:49","guid":{"rendered":"https:\/\/www.bau-styl.hu\/epitoanyag\/termek\/austrotherm-xps-top-p-gk-extrudalt-hoszigetelo-lemez-egyenes-el-3-m2-csomag-12-cm\/"},"modified":"2026-04-20T12:11:15","modified_gmt":"2026-04-20T10:11:15","slug":"austrotherm-xps-top-p-gk-extrudalt-hoszigetelo-lemez-egyenes-el-3-m2-csomag-12-cm","status":"publish","type":"product","link":"https:\/\/www.bau-styl.hu\/epitoanyag\/termek\/austrotherm-xps-top-p-gk-extrudalt-hoszigetelo-lemez-egyenes-el-3-m2-csomag-12-cm\/","title":{"rendered":"Austrotherm XPS TOP P GK Extrud\u00e1lt h\u0151szigetel\u0151 lemez, egyenes \u00e9l 3 m2\/csomag 12 cm"},"content":{"rendered":"","protected":false},"excerpt":{"rendered":"<p>Homlokzati h\u0151szigetel\u0151 rendszerek l\u00e1bazat\u00e1nak kialak\u00edt\u00e1s\u00e1ra alkalmazhat\u00f3. Az \u00e9rdes\u00edtett fel\u00fclet a ragaszt\u00f3anyag fokozott tapad\u00e1s\u00e1t teszi lehet\u0151v\u00e9.<\/p>\n","protected":false},"featured_media":25600,"template":"","meta":[],"product_brand":[11261],"product_cat":[301,6603],"product_tag":[],"class_list":{"0":"post-4509","1":"product","2":"type-product","3":"status-publish","4":"has-post-thumbnail","6":"product_brand-austrotherm","7":"product_cat-ho-es-hangszigeteles","8":"product_cat-polisztirol","10":"first","11":"instock","12":"taxable","13":"shipping-taxable","14":"purchasable","15":"product-type-simple"},"aioseo_notices":[],"_links":{"self":[{"href":"https:\/\/www.bau-styl.hu\/epitoanyag\/wp-json\/wp\/v2\/product\/4509","targetHints":{"allow":["GET"]}}],"collection":[{"href":"https:\/\/www.bau-styl.hu\/epitoanyag\/wp-json\/wp\/v2\/product"}],"about":[{"href":"https:\/\/www.bau-styl.hu\/epitoanyag\/wp-json\/wp\/v2\/types\/product"}],"wp:featuredmedia":[{"embeddable":true,"href":"https:\/\/www.bau-styl.hu\/epitoanyag\/wp-json\/wp\/v2\/media\/25600"}],"wp:attachment":[{"href":"https:\/\/www.bau-styl.hu\/epitoanyag\/wp-json\/wp\/v2\/media?parent=4509"}],"wp:term":[{"taxonomy":"product_brand","embeddable":true,"href":"https:\/\/www.bau-styl.hu\/epitoanyag\/wp-json\/wp\/v2\/product_brand?post=4509"},{"taxonomy":"product_cat","embeddable":true,"href":"https:\/\/www.bau-styl.hu\/epitoanyag\/wp-json\/wp\/v2\/product_cat?post=4509"},{"taxonomy":"product_tag","embeddable":true,"href":"https:\/\/www.bau-styl.hu\/epitoanyag\/wp-json\/wp\/v2\/product_tag?post=4509"}],"curies":[{"name":"wp","href":"https:\/\/api.w.org\/{rel}","templated":true}]}}