{"id":4511,"date":"2019-10-24T17:44:49","date_gmt":"2019-10-24T17:44:49","guid":{"rendered":"https:\/\/www.bau-styl.hu\/epitoanyag\/termek\/austrotherm-xps-top-p-universalplatte-extrudalt-lap-preselt-felulet-15-m2-csomag-2-cm\/"},"modified":"2026-04-14T21:24:32","modified_gmt":"2026-04-14T19:24:32","slug":"austrotherm-xps-top-p-universalplatte-extrudalt-lap-preselt-felulet-15-m2-csomag-2-cm","status":"publish","type":"product","link":"https:\/\/www.bau-styl.hu\/epitoanyag\/termek\/austrotherm-xps-top-p-universalplatte-extrudalt-lap-preselt-felulet-15-m2-csomag-2-cm\/","title":{"rendered":"Austrotherm XPS TOP P Universalplatte, extrud\u00e1lt lap, pr\u00e9selt fel\u00fclet 15 m2\/csomag 2 cm"},"content":{"rendered":"","protected":false},"excerpt":{"rendered":"","protected":false},"featured_media":25600,"template":"","meta":[],"product_brand":[],"product_cat":[301,6603,310,311],"product_tag":[],"class_list":{"0":"post-4511","1":"product","2":"type-product","3":"status-publish","4":"has-post-thumbnail","6":"product_cat-ho-es-hangszigeteles","7":"product_cat-polisztirol","8":"product_cat-labazati-xps-szigeteles","9":"product_cat-austrotherm-labazati-xps-szigeteles","11":"first","12":"instock","13":"taxable","14":"shipping-taxable","15":"purchasable","16":"product-type-simple"},"aioseo_notices":[],"_links":{"self":[{"href":"https:\/\/www.bau-styl.hu\/epitoanyag\/wp-json\/wp\/v2\/product\/4511","targetHints":{"allow":["GET"]}}],"collection":[{"href":"https:\/\/www.bau-styl.hu\/epitoanyag\/wp-json\/wp\/v2\/product"}],"about":[{"href":"https:\/\/www.bau-styl.hu\/epitoanyag\/wp-json\/wp\/v2\/types\/product"}],"wp:featuredmedia":[{"embeddable":true,"href":"https:\/\/www.bau-styl.hu\/epitoanyag\/wp-json\/wp\/v2\/media\/25600"}],"wp:attachment":[{"href":"https:\/\/www.bau-styl.hu\/epitoanyag\/wp-json\/wp\/v2\/media?parent=4511"}],"wp:term":[{"taxonomy":"product_brand","embeddable":true,"href":"https:\/\/www.bau-styl.hu\/epitoanyag\/wp-json\/wp\/v2\/product_brand?post=4511"},{"taxonomy":"product_cat","embeddable":true,"href":"https:\/\/www.bau-styl.hu\/epitoanyag\/wp-json\/wp\/v2\/product_cat?post=4511"},{"taxonomy":"product_tag","embeddable":true,"href":"https:\/\/www.bau-styl.hu\/epitoanyag\/wp-json\/wp\/v2\/product_tag?post=4511"}],"curies":[{"name":"wp","href":"https:\/\/api.w.org\/{rel}","templated":true}]}}