{"id":4528,"date":"2019-10-24T17:49:13","date_gmt":"2019-10-24T15:49:13","guid":{"rendered":"https:\/\/www.bau-styl.hu\/epitoanyag\/termek\/bachl-nikecell-eps-100-expandalt-hoszigetelo-lemez-terhelheto-6-cm\/"},"modified":"2026-04-14T21:25:14","modified_gmt":"2026-04-14T19:25:14","slug":"bachl-nikecell-eps-100-expandalt-hoszigetelo-lemez-terhelheto-6-cm","status":"publish","type":"product","link":"https:\/\/www.bau-styl.hu\/epitoanyag\/termek\/bachl-nikecell-eps-100-expandalt-hoszigetelo-lemez-terhelheto-6-cm\/","title":{"rendered":"Bachl Nikecell EPS 100 Expand\u00e1lt h\u0151szigetel\u0151 lemez, terhelhet\u0151 6 cm"},"content":{"rendered":"","protected":false},"excerpt":{"rendered":"<p>L\u00e9p\u00e9s\u00e1ll\u00f3, terhelhet\u0151 h\u0151szigetel\u0151 lemez. V\u00edzszigetel\u00e9ssel v\u00e9detten talajjal \u00e9rintkez\u0151 helyeken, f\u00f6d\u00e9mekben, padl\u00f3kban norm\u00e1l terhelhet\u0151s\u00e9ggel, egyenes r\u00e9tegrend\u0171 nem j\u00e1rhat\u00f3 lapostet\u0151kben t\u00f6rt\u00e9n\u0151 alkalmaz\u00e1sra.<\/p>\n","protected":false},"featured_media":26539,"template":"","meta":[],"product_brand":[],"product_cat":[301,6603,318,320],"product_tag":[6786],"class_list":{"0":"post-4528","1":"product","2":"type-product","3":"status-publish","4":"has-post-thumbnail","6":"product_cat-ho-es-hangszigeteles","7":"product_cat-polisztirol","8":"product_cat-lepesallo-szigeteles","9":"product_cat-bachl-lepesallo-polisztirol","10":"product_tag-bachl","12":"first","13":"instock","14":"taxable","15":"shipping-taxable","16":"purchasable","17":"product-type-simple"},"aioseo_notices":[],"_links":{"self":[{"href":"https:\/\/www.bau-styl.hu\/epitoanyag\/wp-json\/wp\/v2\/product\/4528","targetHints":{"allow":["GET"]}}],"collection":[{"href":"https:\/\/www.bau-styl.hu\/epitoanyag\/wp-json\/wp\/v2\/product"}],"about":[{"href":"https:\/\/www.bau-styl.hu\/epitoanyag\/wp-json\/wp\/v2\/types\/product"}],"wp:featuredmedia":[{"embeddable":true,"href":"https:\/\/www.bau-styl.hu\/epitoanyag\/wp-json\/wp\/v2\/media\/26539"}],"wp:attachment":[{"href":"https:\/\/www.bau-styl.hu\/epitoanyag\/wp-json\/wp\/v2\/media?parent=4528"}],"wp:term":[{"taxonomy":"product_brand","embeddable":true,"href":"https:\/\/www.bau-styl.hu\/epitoanyag\/wp-json\/wp\/v2\/product_brand?post=4528"},{"taxonomy":"product_cat","embeddable":true,"href":"https:\/\/www.bau-styl.hu\/epitoanyag\/wp-json\/wp\/v2\/product_cat?post=4528"},{"taxonomy":"product_tag","embeddable":true,"href":"https:\/\/www.bau-styl.hu\/epitoanyag\/wp-json\/wp\/v2\/product_tag?post=4528"}],"curies":[{"name":"wp","href":"https:\/\/api.w.org\/{rel}","templated":true}]}}