{"id":4529,"date":"2019-10-24T17:49:14","date_gmt":"2019-10-24T15:49:14","guid":{"rendered":"https:\/\/www.bau-styl.hu\/epitoanyag\/termek\/bachl-nikecell-eps-80-expandalt-hoszigetelo-lemezhomlokzati-10-cm\/"},"modified":"2026-04-14T21:25:14","modified_gmt":"2026-04-14T19:25:14","slug":"bachl-nikecell-eps-80-expandalt-hoszigetelo-lemezhomlokzati-10-cm","status":"publish","type":"product","link":"https:\/\/www.bau-styl.hu\/epitoanyag\/termek\/bachl-nikecell-eps-80-expandalt-hoszigetelo-lemezhomlokzati-10-cm\/","title":{"rendered":"Bachl Nikecell EPS 80 expand\u00e1lt h\u0151szigetel\u0151 lemez,homlokzati 10 cm"},"content":{"rendered":"","protected":false},"excerpt":{"rendered":"<p>Homlokzat h\u0151szigetel\u00e9s\u00e9re kifejlesztett, pihentetett expand\u00e1lt polisztirol kem\u00e9nyhab lemez.<\/p>\n","protected":false},"featured_media":26532,"template":"","meta":[],"product_brand":[],"product_cat":[301,6603,4387,6765],"product_tag":[6786],"class_list":{"0":"post-4529","1":"product","2":"type-product","3":"status-publish","4":"has-post-thumbnail","6":"product_cat-ho-es-hangszigeteles","7":"product_cat-polisztirol","8":"product_cat-homlokzati-szigeteles","9":"product_cat-bachl","10":"product_tag-bachl","12":"first","13":"instock","14":"taxable","15":"shipping-taxable","16":"purchasable","17":"product-type-simple"},"aioseo_notices":[],"_links":{"self":[{"href":"https:\/\/www.bau-styl.hu\/epitoanyag\/wp-json\/wp\/v2\/product\/4529","targetHints":{"allow":["GET"]}}],"collection":[{"href":"https:\/\/www.bau-styl.hu\/epitoanyag\/wp-json\/wp\/v2\/product"}],"about":[{"href":"https:\/\/www.bau-styl.hu\/epitoanyag\/wp-json\/wp\/v2\/types\/product"}],"wp:featuredmedia":[{"embeddable":true,"href":"https:\/\/www.bau-styl.hu\/epitoanyag\/wp-json\/wp\/v2\/media\/26532"}],"wp:attachment":[{"href":"https:\/\/www.bau-styl.hu\/epitoanyag\/wp-json\/wp\/v2\/media?parent=4529"}],"wp:term":[{"taxonomy":"product_brand","embeddable":true,"href":"https:\/\/www.bau-styl.hu\/epitoanyag\/wp-json\/wp\/v2\/product_brand?post=4529"},{"taxonomy":"product_cat","embeddable":true,"href":"https:\/\/www.bau-styl.hu\/epitoanyag\/wp-json\/wp\/v2\/product_cat?post=4529"},{"taxonomy":"product_tag","embeddable":true,"href":"https:\/\/www.bau-styl.hu\/epitoanyag\/wp-json\/wp\/v2\/product_tag?post=4529"}],"curies":[{"name":"wp","href":"https:\/\/api.w.org\/{rel}","templated":true}]}}