{"id":45566,"date":"2025-09-01T13:06:19","date_gmt":"2025-09-01T11:06:19","guid":{"rendered":"https:\/\/www.bau-styl.hu\/epitoanyag\/?post_type=product&#038;p=45566"},"modified":"2026-01-15T13:02:49","modified_gmt":"2026-01-15T11:02:49","slug":"betonepag-noveny-tamfal-flora-maxi-sarga-50-40-20","status":"publish","type":"product","link":"https:\/\/www.bau-styl.hu\/epitoanyag\/termek\/betonepag-noveny-tamfal-flora-maxi-sarga-50-40-20\/","title":{"rendered":"Betonepag N\u00f6v\u00e9ny t\u00e1mfal fl\u00f3ra maxi s\u00e1rga 50\/40\/20"},"content":{"rendered":"","protected":false},"excerpt":{"rendered":"<p><b>Stabilit\u00e1s \u00e9s sz\u00e9ps\u00e9g a kertedben<\/b><span style=\"font-weight: 400;\"><br \/>\n<\/span><span style=\"font-weight: 400;\">A kerted nemcsak egy z\u00f6ld ter\u00fclet \u2013 ez az otthonod meghosszabb\u00edt\u00e1sa, ahol minden r\u00e9szlet sz\u00e1m\u00edt. T\u00e1mfal elemeink seg\u00edtenek abban, hogy ne csak biztons\u00e1gos, de l\u00e1tv\u00e1nyos megold\u00e1st v\u00e1lassz a tereprendez\u00e9shez. Legyen sz\u00f3 vir\u00e1g\u00e1gy\u00e1sok kiemel\u00e9s\u00e9r\u0151l, lejt\u0151s ter\u00fcletek megt\u00e1maszt\u00e1s\u00e1r\u00f3l vagy hangulatos kerti szintek kialak\u00edt\u00e1s\u00e1r\u00f3l, n\u00e1lunk megtal\u00e1lod a hozz\u00e1d ill\u0151 form\u00e1t \u00e9s sz\u00ednt.<\/span><\/p>\n<p><b>Mi\u00e9rt v\u00e1laszd t\u00e1mfal elemeinket?<\/b><\/p>\n<ul>\n<li style=\"font-weight: 400;\" aria-level=\"1\"><b>Hossz\u00fa \u00e9lettartam:<\/b><span style=\"font-weight: 400;\"> id\u0151j\u00e1r\u00e1s- \u00e9s fagy\u00e1ll\u00f3 anyagok<\/span><\/li>\n<li style=\"font-weight: 400;\" aria-level=\"1\"><b>Eszt\u00e9tikus megjelen\u00e9s:<\/b><span style=\"font-weight: 400;\"> t\u00f6bbf\u00e9le forma \u00e9s \u00e1rnyalat<\/span><\/li>\n<li style=\"font-weight: 400;\" aria-level=\"1\"><b>Egyszer\u0171 kivitelez\u00e9s:<\/b><span style=\"font-weight: 400;\"> gyors \u00e9s tiszta be\u00e9p\u00edt\u00e9s<\/span><\/li>\n<li style=\"font-weight: 400;\" aria-level=\"1\"><b>Biztons\u00e1g:<\/b><span style=\"font-weight: 400;\"> stabil szerkezet, ami \u00e9vtizedekig tart<\/span><\/li>\n<\/ul>\n<p><b>Tervezz nagyot, \u00e9p\u00edts biztosra!<\/b><span style=\"font-weight: 400;\"><br \/>\n<\/span><span style=\"font-weight: 400;\">V\u00e1laszd ki a hozz\u00e1d ill\u0151 t\u00e1mfal elemet, \u00e9s alak\u00edtsd ki \u00e1lmaid kertj\u00e9t tart\u00f3s, megb\u00edzhat\u00f3 \u00e9s st\u00edlusos megold\u00e1ssal. Kertedben minden nap \u00f6r\u00f6m lesz a r\u00e1n\u00e9z\u00e9s.<\/span><\/p>\n","protected":false},"featured_media":45581,"template":"","meta":[],"product_brand":[],"product_cat":[168,174],"product_tag":[6783],"class_list":{"0":"post-45566","1":"product","2":"type-product","3":"status-publish","4":"has-post-thumbnail","6":"product_cat-kertepites-es-terburkolat","7":"product_cat-kertszepitok","8":"product_tag-betonepag","10":"first","11":"instock","12":"taxable","13":"shipping-taxable","14":"purchasable","15":"product-type-simple"},"aioseo_notices":[],"_links":{"self":[{"href":"https:\/\/www.bau-styl.hu\/epitoanyag\/wp-json\/wp\/v2\/product\/45566","targetHints":{"allow":["GET"]}}],"collection":[{"href":"https:\/\/www.bau-styl.hu\/epitoanyag\/wp-json\/wp\/v2\/product"}],"about":[{"href":"https:\/\/www.bau-styl.hu\/epitoanyag\/wp-json\/wp\/v2\/types\/product"}],"wp:featuredmedia":[{"embeddable":true,"href":"https:\/\/www.bau-styl.hu\/epitoanyag\/wp-json\/wp\/v2\/media\/45581"}],"wp:attachment":[{"href":"https:\/\/www.bau-styl.hu\/epitoanyag\/wp-json\/wp\/v2\/media?parent=45566"}],"wp:term":[{"taxonomy":"product_brand","embeddable":true,"href":"https:\/\/www.bau-styl.hu\/epitoanyag\/wp-json\/wp\/v2\/product_brand?post=45566"},{"taxonomy":"product_cat","embeddable":true,"href":"https:\/\/www.bau-styl.hu\/epitoanyag\/wp-json\/wp\/v2\/product_cat?post=45566"},{"taxonomy":"product_tag","embeddable":true,"href":"https:\/\/www.bau-styl.hu\/epitoanyag\/wp-json\/wp\/v2\/product_tag?post=45566"}],"curies":[{"name":"wp","href":"https:\/\/api.w.org\/{rel}","templated":true}]}}