{"id":45589,"date":"2026-01-15T13:10:33","date_gmt":"2026-01-15T11:10:33","guid":{"rendered":"https:\/\/www.bau-styl.hu\/epitoanyag\/?post_type=product&#038;p=45589"},"modified":"2026-04-24T11:19:50","modified_gmt":"2026-04-24T09:19:50","slug":"borovi-belteri-ajto","status":"publish","type":"product","link":"https:\/\/www.bau-styl.hu\/epitoanyag\/termek\/borovi-belteri-ajto\/","title":{"rendered":"Borovi belt\u00e9ri ajt\u00f3"},"content":{"rendered":"<div id='av_section_1'  class='avia-section av-1crhkc5-ea67c81863c23c43735dbdc1bd71b1a6 main_color avia-section-default avia-no-border-styling  avia-builder-el-0  el_before_av_section  avia-builder-el-first  avia-bg-style-scroll container_wrap sidebar_left'  ><div class='container av-section-cont-open' ><main  role=\"main\" itemprop=\"mainContentOfPage\"  class='template-page content  av-content-small units'><div class='post-entry post-entry-type-page post-entry-45589'><div class='entry-content-wrapper clearfix'>\n<div  class='flex_column av-14dt845-08c6a6c15b2ac91d37c724ba0db14f20 av_one_third  avia-builder-el-1  el_before_av_two_third  avia-builder-el-first  first flex_column_div  '     ><div id='av-masonry-1' class='av-masonry av-mkfcrmnj-889b5925dd97d3364f84beada4589187 noHover av-fixed-size av-large-gap av-hover-overlay- av-masonry-animation-active av-masonry-col-2 av-caption-always av-caption-style- av-masonry-gallery ' data-post_id=\"45589\"><div class=\"av-masonry-container isotope av-js-disabled\"><div class='av-masonry-entry isotope-item av-masonry-item-no-image '><\/div><a href=\"https:\/\/www.bau-styl.hu\/epitoanyag\/wp-content\/uploads\/2026\/01\/Szicilia-Silver-Tolgy-1030x686.jpg\" data-srcset=\"https:\/\/www.bau-styl.hu\/epitoanyag\/wp-content\/uploads\/2026\/01\/Szicilia-Silver-Tolgy-1030x686.jpg 1030w, https:\/\/www.bau-styl.hu\/epitoanyag\/wp-content\/uploads\/2026\/01\/Szicilia-Silver-Tolgy-300x200.jpg 300w, https:\/\/www.bau-styl.hu\/epitoanyag\/wp-content\/uploads\/2026\/01\/Szicilia-Silver-Tolgy-768x512.jpg 768w, https:\/\/www.bau-styl.hu\/epitoanyag\/wp-content\/uploads\/2026\/01\/Szicilia-Silver-Tolgy-705x470.jpg 705w, https:\/\/www.bau-styl.hu\/epitoanyag\/wp-content\/uploads\/2026\/01\/Szicilia-Silver-Tolgy-450x300.jpg 450w, https:\/\/www.bau-styl.hu\/epitoanyag\/wp-content\/uploads\/2026\/01\/Szicilia-Silver-Tolgy-600x400.jpg 600w, https:\/\/www.bau-styl.hu\/epitoanyag\/wp-content\/uploads\/2026\/01\/Szicilia-Silver-Tolgy.jpg 1060w\" data-sizes=\"(max-width: 1030px) 100vw, 1030px\"  aria-label=\"image Szic\u00edlia-Silver T\u00f6lgy\"  id='av-masonry-1-item-45595' data-av-masonry-item='45595' class='av-masonry-entry isotope-item post-45595 attachment type-attachment status-inherit hentry  av-masonry-item-with-image av-grid-img' title=\"Szic\u00edlia-Silver T\u00f6lgy\" alt=\"\"    itemprop=\"thumbnailUrl\" ><div class='av-inner-masonry-sizer'><\/div><figure class='av-inner-masonry main_color'><div class=\"av-masonry-outerimage-container\"><div class='av-masonry-image-container' style=\"background-image: url(https:\/\/www.bau-styl.hu\/epitoanyag\/wp-content\/uploads\/2026\/01\/Szicilia-Silver-Tolgy-705x470.jpg);\"  title=\"Szic\u00edlia-Silver T\u00f6lgy\" ><\/div><\/div><\/figure><\/a><!--end av-masonry entry--><a href=\"https:\/\/www.bau-styl.hu\/epitoanyag\/wp-content\/uploads\/2026\/01\/Kana-Eszaki-Tolgy-1030x686.jpg\" data-srcset=\"https:\/\/www.bau-styl.hu\/epitoanyag\/wp-content\/uploads\/2026\/01\/Kana-Eszaki-Tolgy-1030x686.jpg 1030w, https:\/\/www.bau-styl.hu\/epitoanyag\/wp-content\/uploads\/2026\/01\/Kana-Eszaki-Tolgy-300x200.jpg 300w, https:\/\/www.bau-styl.hu\/epitoanyag\/wp-content\/uploads\/2026\/01\/Kana-Eszaki-Tolgy-768x512.jpg 768w, https:\/\/www.bau-styl.hu\/epitoanyag\/wp-content\/uploads\/2026\/01\/Kana-Eszaki-Tolgy-705x470.jpg 705w, https:\/\/www.bau-styl.hu\/epitoanyag\/wp-content\/uploads\/2026\/01\/Kana-Eszaki-Tolgy-450x300.jpg 450w, https:\/\/www.bau-styl.hu\/epitoanyag\/wp-content\/uploads\/2026\/01\/Kana-Eszaki-Tolgy-600x400.jpg 600w, https:\/\/www.bau-styl.hu\/epitoanyag\/wp-content\/uploads\/2026\/01\/Kana-Eszaki-Tolgy.jpg 1060w\" data-sizes=\"(max-width: 1030px) 100vw, 1030px\"  aria-label=\"image K\u00e1na-\u00c9szaki T\u00f6lgy\"  id='av-masonry-1-item-45594' data-av-masonry-item='45594' class='av-masonry-entry isotope-item post-45594 attachment type-attachment status-inherit hentry  av-masonry-item-with-image av-grid-img' title=\"K\u00e1na-\u00c9szaki T\u00f6lgy\" alt=\"\"    itemprop=\"thumbnailUrl\" ><div class='av-inner-masonry-sizer'><\/div><figure class='av-inner-masonry main_color'><div class=\"av-masonry-outerimage-container\"><div class='av-masonry-image-container' style=\"background-image: url(https:\/\/www.bau-styl.hu\/epitoanyag\/wp-content\/uploads\/2026\/01\/Kana-Eszaki-Tolgy-705x470.jpg);\"  title=\"K\u00e1na-\u00c9szaki T\u00f6lgy\" ><\/div><\/div><\/figure><\/a><!--end av-masonry entry--><a href=\"https:\/\/www.bau-styl.hu\/epitoanyag\/wp-content\/uploads\/2026\/01\/Gordion-IV-Gladstone-Tolgy-1030x686.jpg\" data-srcset=\"https:\/\/www.bau-styl.hu\/epitoanyag\/wp-content\/uploads\/2026\/01\/Gordion-IV-Gladstone-Tolgy-1030x686.jpg 1030w, https:\/\/www.bau-styl.hu\/epitoanyag\/wp-content\/uploads\/2026\/01\/Gordion-IV-Gladstone-Tolgy-300x200.jpg 300w, https:\/\/www.bau-styl.hu\/epitoanyag\/wp-content\/uploads\/2026\/01\/Gordion-IV-Gladstone-Tolgy-768x512.jpg 768w, https:\/\/www.bau-styl.hu\/epitoanyag\/wp-content\/uploads\/2026\/01\/Gordion-IV-Gladstone-Tolgy-705x470.jpg 705w, https:\/\/www.bau-styl.hu\/epitoanyag\/wp-content\/uploads\/2026\/01\/Gordion-IV-Gladstone-Tolgy-450x300.jpg 450w, https:\/\/www.bau-styl.hu\/epitoanyag\/wp-content\/uploads\/2026\/01\/Gordion-IV-Gladstone-Tolgy-600x400.jpg 600w, https:\/\/www.bau-styl.hu\/epitoanyag\/wp-content\/uploads\/2026\/01\/Gordion-IV-Gladstone-Tolgy.jpg 1060w\" data-sizes=\"(max-width: 1030px) 100vw, 1030px\"  aria-label=\"image Gordion IV-Gladstone T\u00f6lgy\"  id='av-masonry-1-item-45593' data-av-masonry-item='45593' class='av-masonry-entry isotope-item post-45593 attachment type-attachment status-inherit hentry  av-masonry-item-with-image av-grid-img' title=\"Gordion IV-Gladstone T\u00f6lgy\" alt=\"\"    itemprop=\"thumbnailUrl\" ><div class='av-inner-masonry-sizer'><\/div><figure class='av-inner-masonry main_color'><div class=\"av-masonry-outerimage-container\"><div class='av-masonry-image-container' style=\"background-image: url(https:\/\/www.bau-styl.hu\/epitoanyag\/wp-content\/uploads\/2026\/01\/Gordion-IV-Gladstone-Tolgy-705x470.jpg);\"  title=\"Gordion IV-Gladstone T\u00f6lgy\" ><\/div><\/div><\/figure><\/a><!--end av-masonry entry--><a href=\"https:\/\/www.bau-styl.hu\/epitoanyag\/wp-content\/uploads\/2026\/01\/Karthago-Antracit-Tolgy-1030x686.jpg\" data-srcset=\"https:\/\/www.bau-styl.hu\/epitoanyag\/wp-content\/uploads\/2026\/01\/Karthago-Antracit-Tolgy-1030x686.jpg 1030w, https:\/\/www.bau-styl.hu\/epitoanyag\/wp-content\/uploads\/2026\/01\/Karthago-Antracit-Tolgy-300x200.jpg 300w, https:\/\/www.bau-styl.hu\/epitoanyag\/wp-content\/uploads\/2026\/01\/Karthago-Antracit-Tolgy-768x512.jpg 768w, https:\/\/www.bau-styl.hu\/epitoanyag\/wp-content\/uploads\/2026\/01\/Karthago-Antracit-Tolgy-705x470.jpg 705w, https:\/\/www.bau-styl.hu\/epitoanyag\/wp-content\/uploads\/2026\/01\/Karthago-Antracit-Tolgy-450x300.jpg 450w, https:\/\/www.bau-styl.hu\/epitoanyag\/wp-content\/uploads\/2026\/01\/Karthago-Antracit-Tolgy-600x400.jpg 600w, https:\/\/www.bau-styl.hu\/epitoanyag\/wp-content\/uploads\/2026\/01\/Karthago-Antracit-Tolgy.jpg 1060w\" data-sizes=\"(max-width: 1030px) 100vw, 1030px\"  aria-label=\"image Karthag\u00f3-Antracit T\u00f6lgy\"  id='av-masonry-1-item-45592' data-av-masonry-item='45592' class='av-masonry-entry isotope-item post-45592 attachment type-attachment status-inherit hentry  av-masonry-item-with-image av-grid-img' title=\"Karthag\u00f3-Antracit T\u00f6lgy\" alt=\"\"    itemprop=\"thumbnailUrl\" ><div class='av-inner-masonry-sizer'><\/div><figure class='av-inner-masonry main_color'><div class=\"av-masonry-outerimage-container\"><div class='av-masonry-image-container' style=\"background-image: url(https:\/\/www.bau-styl.hu\/epitoanyag\/wp-content\/uploads\/2026\/01\/Karthago-Antracit-Tolgy-705x470.jpg);\"  title=\"Karthag\u00f3-Antracit T\u00f6lgy\" ><\/div><\/div><\/figure><\/a><!--end av-masonry entry--><\/div><\/div><\/div><div  class='flex_column av-sograt-24f8015a1531860628b1a3a427bcc109 av_two_third  avia-builder-el-3  el_after_av_one_third  avia-builder-el-last  flex_column_div  '     ><p>\n<style type=\"text\/css\" data-created_by=\"avia_inline_auto\" id=\"style-css-av-mkfcq057-ad1b9e83f0b712a698323f9fd8aa70fe\">\n#top .av-special-heading.av-mkfcq057-ad1b9e83f0b712a698323f9fd8aa70fe{\npadding-bottom:10px;\n}\nbody .av-special-heading.av-mkfcq057-ad1b9e83f0b712a698323f9fd8aa70fe .av-special-heading-tag .heading-char{\nfont-size:25px;\n}\n.av-special-heading.av-mkfcq057-ad1b9e83f0b712a698323f9fd8aa70fe .av-subheading{\nfont-size:15px;\n}\n<\/style>\n<div  class='av-special-heading av-mkfcq057-ad1b9e83f0b712a698323f9fd8aa70fe av-special-heading-h2 blockquote modern-quote  avia-builder-el-4  el_before_av_textblock  avia-builder-el-first '><h2 class='av-special-heading-tag '  itemprop=\"headline\"  >Borovi belt\u00e9ri ajt\u00f3k<\/h2><div class=\"special-heading-border\"><div class=\"special-heading-inner-border\"><\/div><\/div><\/div><br \/>\n<section  class='av_textblock_section av-wlt2b9-50da8575ebc8914df77ac09cd9a844be '   itemscope=\"itemscope\" itemtype=\"https:\/\/schema.org\/CreativeWork\" ><div class='avia_textblock'  itemprop=\"text\" ><p><strong>Borovi ajt\u00f3k \u2013 ahol a term\u00e9szet tal\u00e1lkozik a st\u00edlussal<\/strong><br \/>\nMin\u0151s\u00e9gi faanyagb\u00f3l, prec\u00edz megmunk\u00e1l\u00e1ssal k\u00e9sz\u00fcl\u0151 Borovi ajt\u00f3ink nemcsak<br \/>\nfunkcion\u00e1lisak, de meghat\u00e1rozz\u00e1k a bels\u0151 t\u00e9r karakter\u00e9t is.<br \/>\n&#8211; Term\u00e9szetes megjelen\u00e9s<br \/>\n-Hossz\u00fa \u00e9lettartam<br \/>\n-Egyedi m\u00e9ret \u00e9s st\u00edlus szerint gy\u00e1rtva<br \/>\n\u201eNyitunk a min\u0151s\u00e9gre \u2013 v\u00e1laszd a Borovit!\u201d<\/p>\n<p><strong><span style=\"text-decoration: underline;\"><a href=\"https:\/\/www.bau-styl.hu\/epitoanyag\/wp-content\/uploads\/2026\/01\/Borovi-belteri-ajto-modellek.pdf\" target=\"_blank\" rel=\"noopener\">Belt\u00e9ri ajt\u00f3 modellek<\/a><\/span><\/strong><br \/>\n<strong><span style=\"text-decoration: underline;\"><a href=\"https:\/\/www.bau-styl.hu\/epitoanyag\/wp-content\/uploads\/2026\/01\/Borovi-belteri-ajto-Termekismerteto.pdf\">Term\u00e9kismertet\u0151<\/a><\/span><\/strong><\/p>\n<\/div><\/section><br \/>\n<div  class='avia-button-wrap av-mkfct9n4-a51075d01f8eadf5c0263183d930fa68-wrap avia-button-left  avia-builder-el-6  el_after_av_textblock  el_before_av_textblock '><a href='https:\/\/ajtotervezo.borovi.eu\/'  class='avia-button av-mkfct9n4-a51075d01f8eadf5c0263183d930fa68 av-link-btn avia-icon_select-no avia-size-large avia-position-left avia-color-theme-color'  target=\"_blank\"  rel=\"noopener noreferrer\"  aria-label=\"AJT\u00d3 TERVEZ\u0150\"><span class='avia_iconbox_title' >AJT\u00d3 TERVEZ\u0150<\/span><\/a><\/div><br \/>\n<section  class='av_textblock_section av-mkfcznhg-cb149b771d5659006abb4c8e9570efc7 '   itemscope=\"itemscope\" itemtype=\"https:\/\/schema.org\/CreativeWork\" ><div class='avia_textblock'  itemprop=\"text\" ><p><strong data-start=\"268\" data-end=\"316\">Tervezze meg \u00e1lmai ajtaj\u00e1t p\u00e1r kattint\u00e1ssal!<\/strong><br data-start=\"316\" data-end=\"319\" \/>Az online ajt\u00f3tervez\u0151ben kiv\u00e1laszthatja az ajt\u00f3 t\u00edpus\u00e1t, sz\u00e1lir\u00e1ny\u00e1t, sz\u00edn\u00e9t \u00e9s minden fontos kieg\u00e9sz\u00edt\u0151t \u2013 \u00e9s azonnal l\u00e1thatja, hogyan mutat majd a val\u00f3s\u00e1gban.<br \/>\nV\u00e1lassza ki a t\u00edpust, a sz\u00e1lir\u00e1nyt, a sz\u00ednt \u00e9s a kieg\u00e9sz\u00edt\u0151ket, majd k\u00fcldje el nek\u00fcnk a r\u00e9szleteket.<br data-start=\"479\" data-end=\"482\" \/>mi pedig elk\u00e9sz\u00edtj\u00fck az egyedi aj\u00e1nlatot!<\/p>\n<\/div><\/section><br \/>\n<div  class='avia-button-wrap av-mkfd0kd4-5435c2da785666407837803696a65f88-wrap avia-button-left  avia-builder-el-8  el_after_av_textblock  avia-builder-el-last '><a href='#ajtoajanlat'  class='avia-button av-mkfd0kd4-5435c2da785666407837803696a65f88 av-link-btn avia-icon_select-no avia-size-large avia-position-left avia-color-theme-color'   aria-label=\"AJ\u00c1NLATK\u00c9R\u00c9S\"><span class='avia_iconbox_title' >AJ\u00c1NLATK\u00c9R\u00c9S<\/span><\/a><\/div><\/p><\/div>\n\n<\/div><\/div><\/main><!-- close content main element --><\/div><\/div><div id='ajtoajanlat'  class='avia-section av-mkfd0z1x-9a7b03f78e98eb82a33f20ccfc0bcb3a alternate_color avia-section-default avia-no-border-styling  avia-builder-el-9  el_after_av_section  avia-builder-el-last  avia-bg-style-scroll container_wrap sidebar_left'  ><div class='container av-section-cont-open' ><div class='template-page content  av-content-small units'><div class='post-entry post-entry-type-page post-entry-45589'><div class='entry-content-wrapper clearfix'>\n<div  class='flex_column av-1klr68l-1cc113b81184d483d55764550abac112 av_one_fifth  avia-builder-el-10  el_before_av_three_fifth  avia-builder-el-first  first flex_column_div  '     ><\/div><div  class='flex_column av-1co9to5-dc886b82777009eed590fa166fed83b5 av_three_fifth  avia-builder-el-11  el_after_av_one_fifth  el_before_av_one_fifth  flex_column_div  '     ><form action=\"https:\/\/www.bau-styl.hu\/epitoanyag\/termek\/borovi-belteri-ajto\/\" method=\"post\" data-fields-with-error=\"Found errors in the following field(s):\" class=\"avia_ajax_form av-form-labels-visible   avia-builder-el-12  avia-builder-el-no-sibling   \" data-avia-form-id=\"1\" data-avia-redirect=''  aria-label='Kapcsolat \u0170rlap' ><fieldset><p class='  first_form  form_element form_element_third' id='element_avia_1_1'><label for=\"avia_1_1\">N\u00e9v <abbr class=\"required\" title=\"required\">*<\/abbr><\/label> <input name=\"avia_1_1\" class=\"text_input is_empty\" type=\"text\" id=\"avia_1_1\" value=\"\" \/><\/p><p class='  form_element form_element_third' id='element_avia_2_1'><label for=\"avia_2_1\">E-Mail <abbr class=\"required\" title=\"required\">*<\/abbr><\/label> <input name=\"avia_2_1\" class=\"text_input is_email\" type=\"text\" id=\"avia_2_1\" value=\"\" \/><\/p><p class='  form_element form_element_third' id='element_avia_3_1'><label for=\"avia_3_1\">Telefonsz\u00e1m <abbr class=\"required\" title=\"required\">*<\/abbr><\/label> <input name=\"avia_3_1\" class=\"text_input is_phone\" type=\"text\" id=\"avia_3_1\" value=\"\" \/><\/p><p class='  first_form  form_element form_fullwidth' id='element_avia_4_1'><label for=\"avia_4_1\" class=\"textare_label hidden textare_label_avia_4_1\">\u00dczenet <abbr class=\"required\" title=\"required\">*<\/abbr><\/label><textarea  name=\"avia_4_1\" class=\"text_area is_empty\" cols=\"40\" rows=\"7\" id=\"avia_4_1\" ><\/textarea><\/p><div id='avia_5_1' class='av-form-text'><p>\nAz ajt\u00f3ra vonatkoz\u00f3 r\u00e9szletek a Borovi konfigur\u00e1tor alapj\u00e1n (nem k\u00f6telez\u0151)<\/p>\n<\/div><p class='  first_form  form_element form_element_half' id='element_avia_6_1'><label for=\"avia_6_1\">Kivitel<\/label> <input name=\"avia_6_1\" class=\"text_input \" type=\"text\" id=\"avia_6_1\" value=\"\" \/><\/p><p class='  form_element form_element_half' id='element_avia_7_1'><label for=\"avia_7_1\">T\u00edpus<\/label> <input name=\"avia_7_1\" class=\"text_input \" type=\"text\" id=\"avia_7_1\" value=\"\" \/><\/p><p class='  first_form  form_element form_element_half' id='element_avia_8_1'><label for=\"avia_8_1\">Sz\u00e1lir\u00e1ny<\/label> <input name=\"avia_8_1\" class=\"text_input \" type=\"text\" id=\"avia_8_1\" value=\"\" \/><\/p><p class='  form_element form_element_half' id='element_avia_9_1'><label for=\"avia_9_1\">Sz\u00edn<\/label> <input name=\"avia_9_1\" class=\"text_input \" type=\"text\" id=\"avia_9_1\" value=\"\" \/><\/p><p class='  first_form  form_element form_element_half' id='element_avia_10_1'><label for=\"avia_10_1\">Kieg\u00e9sz\u00edt\u0151k (kilincs, \u00fcveg)<\/label> <input name=\"avia_10_1\" class=\"text_input \" type=\"text\" id=\"avia_10_1\" value=\"\" \/><\/p><p class='  form_element form_element_half' id='element_avia_11_1'><label for=\"avia_11_1\">M\u00e9ret<\/label> <input name=\"avia_11_1\" class=\"text_input \" type=\"text\" id=\"avia_11_1\" value=\"\" \/><\/p><p class=\"hidden\"><input type=\"text\" name=\"avia_12_1\" class=\"hidden \" id=\"avia_12_1\" value=\"\" \/><\/p><p class=' av_form_privacy_check av_contact_privacy_check first_form  form_element form_fullwidth' id='element_avia_13_1'><input  name=\"avia_13_1\" class=\"input_checkbox is_empty\" type=\"checkbox\" id=\"avia_13_1\" value=\"true\"\/><label class=\"input_checkbox_label\" for=\"avia_13_1\">Elfogadom az <a href=\"https:\/\/www.bau-styl.hu\/epitoanyag\/adatkezelesi-tajekoztato\/\">Adatkezel\u00e9si t\u00e1j\u00e9koztat\u00f3<\/a>-ban foglaltakat. <abbr class=\"required\" title=\"required\">*<\/abbr><\/label><\/p><p class=\"form_element \"><input type=\"hidden\" value=\"1\" name=\"avia_generated_form1\" \/><input type=\"submit\" value=\"K\u00fcld\u00e9s\" class=\"button\"  data-sending-label=\"K\u00fcld\u00e9s\"\/><\/p><\/fieldset><\/form><div id=\"ajaxresponse_1\" class=\"ajaxresponse ajaxresponse_1 hidden\"><\/div><\/div><div  class='flex_column av-24214l-31b587e769db47f145486715fadcb614 av_one_fifth  avia-builder-el-13  el_after_av_three_fifth  avia-builder-el-last  flex_column_div  '     ><\/div>\n<\/div><\/div><\/div><!-- close content main div --><\/div><\/div><div id='after_section_2'  class='main_color av_default_container_wrap container_wrap sidebar_left'  ><div class='container av-section-cont-open' ><div class='template-page content  av-content-small units'><div class='post-entry post-entry-type-page post-entry-45589'><div class='entry-content-wrapper clearfix'>\n","protected":false},"excerpt":{"rendered":"","protected":false},"featured_media":45595,"template":"","meta":[],"product_brand":[],"product_cat":[11374,185],"product_tag":[],"class_list":{"0":"post-45589","1":"product","2":"type-product","3":"status-publish","4":"has-post-thumbnail","6":"product_cat-belteri-ajto","7":"product_cat-nyilaszarok","9":"first","10":"instock","11":"taxable","12":"shipping-taxable","13":"product-type-simple"},"aioseo_notices":[],"_links":{"self":[{"href":"https:\/\/www.bau-styl.hu\/epitoanyag\/wp-json\/wp\/v2\/product\/45589","targetHints":{"allow":["GET"]}}],"collection":[{"href":"https:\/\/www.bau-styl.hu\/epitoanyag\/wp-json\/wp\/v2\/product"}],"about":[{"href":"https:\/\/www.bau-styl.hu\/epitoanyag\/wp-json\/wp\/v2\/types\/product"}],"wp:featuredmedia":[{"embeddable":true,"href":"https:\/\/www.bau-styl.hu\/epitoanyag\/wp-json\/wp\/v2\/media\/45595"}],"wp:attachment":[{"href":"https:\/\/www.bau-styl.hu\/epitoanyag\/wp-json\/wp\/v2\/media?parent=45589"}],"wp:term":[{"taxonomy":"product_brand","embeddable":true,"href":"https:\/\/www.bau-styl.hu\/epitoanyag\/wp-json\/wp\/v2\/product_brand?post=45589"},{"taxonomy":"product_cat","embeddable":true,"href":"https:\/\/www.bau-styl.hu\/epitoanyag\/wp-json\/wp\/v2\/product_cat?post=45589"},{"taxonomy":"product_tag","embeddable":true,"href":"https:\/\/www.bau-styl.hu\/epitoanyag\/wp-json\/wp\/v2\/product_tag?post=45589"}],"curies":[{"name":"wp","href":"https:\/\/api.w.org\/{rel}","templated":true}]}}