{"id":4559,"date":"2019-10-24T18:00:16","date_gmt":"2019-10-24T18:00:16","guid":{"rendered":"https:\/\/www.bau-styl.hu\/epitoanyag\/termek\/baumit-ejot-idk-n-muanyagszeges-dubel-8-60x235-mm\/"},"modified":"2025-04-24T00:14:18","modified_gmt":"2025-04-23T22:14:18","slug":"baumit-ejot-idk-n-muanyagszeges-dubel-8-60x235-mm","status":"publish","type":"product","link":"https:\/\/www.bau-styl.hu\/epitoanyag\/termek\/baumit-ejot-idk-n-muanyagszeges-dubel-8-60x235-mm\/","title":{"rendered":"Baumit Ejot IDK-N M\u0171anyagszeges d\u0171bel 8\/60&#215;235 mm"},"content":{"rendered":"","protected":false},"excerpt":{"rendered":"<p>Mechanikusan r\u00f6gz\u00edthet\u0151ek vele a h\u0151szigetel\u0151 lapok.<\/p>\n","protected":false},"featured_media":2026,"template":"","meta":[],"product_brand":[],"product_cat":[301,309],"product_tag":[6581],"class_list":{"0":"post-4559","1":"product","2":"type-product","3":"status-publish","4":"has-post-thumbnail","6":"product_cat-ho-es-hangszigeteles","7":"product_cat-rendszer-tartozek","8":"product_tag-baumit","10":"first","11":"instock","12":"taxable","13":"shipping-taxable","14":"purchasable","15":"product-type-simple"},"aioseo_notices":[],"_links":{"self":[{"href":"https:\/\/www.bau-styl.hu\/epitoanyag\/wp-json\/wp\/v2\/product\/4559","targetHints":{"allow":["GET"]}}],"collection":[{"href":"https:\/\/www.bau-styl.hu\/epitoanyag\/wp-json\/wp\/v2\/product"}],"about":[{"href":"https:\/\/www.bau-styl.hu\/epitoanyag\/wp-json\/wp\/v2\/types\/product"}],"wp:featuredmedia":[{"embeddable":true,"href":"https:\/\/www.bau-styl.hu\/epitoanyag\/wp-json\/wp\/v2\/media\/2026"}],"wp:attachment":[{"href":"https:\/\/www.bau-styl.hu\/epitoanyag\/wp-json\/wp\/v2\/media?parent=4559"}],"wp:term":[{"taxonomy":"product_brand","embeddable":true,"href":"https:\/\/www.bau-styl.hu\/epitoanyag\/wp-json\/wp\/v2\/product_brand?post=4559"},{"taxonomy":"product_cat","embeddable":true,"href":"https:\/\/www.bau-styl.hu\/epitoanyag\/wp-json\/wp\/v2\/product_cat?post=4559"},{"taxonomy":"product_tag","embeddable":true,"href":"https:\/\/www.bau-styl.hu\/epitoanyag\/wp-json\/wp\/v2\/product_tag?post=4559"}],"curies":[{"name":"wp","href":"https:\/\/api.w.org\/{rel}","templated":true}]}}