{"id":4577,"date":"2019-10-24T18:04:07","date_gmt":"2019-10-24T16:04:07","guid":{"rendered":"https:\/\/www.bau-styl.hu\/epitoanyag\/termek\/baumit-protherm-eps-at-h-80-hoszigetelo-lemez-homlokzati-3-cm\/"},"modified":"2024-01-15T21:06:45","modified_gmt":"2024-01-15T19:06:45","slug":"baumit-protherm-eps-at-h-80-hoszigetelo-lemez-homlokzati-3-cm","status":"publish","type":"product","link":"https:\/\/www.bau-styl.hu\/epitoanyag\/termek\/baumit-protherm-eps-at-h-80-hoszigetelo-lemez-homlokzati-3-cm\/","title":{"rendered":"Baumit ProTherm EPS AT-H 80 H\u0151szigetel\u0151 lemez, homlokzati 3 cm"},"content":{"rendered":"","protected":false},"excerpt":{"rendered":"<p>Baumit EPS homlokzati feh\u00e9r, expand\u00e1lt polisztirollemezek kit\u0171n\u0151 h\u0151szigetel\u0151 tulajdons\u00e1gokkal.<\/p>\n","protected":false},"featured_media":1981,"template":"","meta":[],"product_brand":[],"product_cat":[301,6603,4387,305],"product_tag":[6581],"class_list":{"0":"post-4577","1":"product","2":"type-product","3":"status-publish","4":"has-post-thumbnail","6":"product_cat-ho-es-hangszigeteles","7":"product_cat-polisztirol","8":"product_cat-homlokzati-szigeteles","9":"product_cat-baumit-homlokzati-polosztirol","10":"product_tag-baumit","12":"first","13":"instock","14":"taxable","15":"shipping-taxable","16":"purchasable","17":"product-type-simple"},"aioseo_notices":[],"_links":{"self":[{"href":"https:\/\/www.bau-styl.hu\/epitoanyag\/wp-json\/wp\/v2\/product\/4577","targetHints":{"allow":["GET"]}}],"collection":[{"href":"https:\/\/www.bau-styl.hu\/epitoanyag\/wp-json\/wp\/v2\/product"}],"about":[{"href":"https:\/\/www.bau-styl.hu\/epitoanyag\/wp-json\/wp\/v2\/types\/product"}],"wp:featuredmedia":[{"embeddable":true,"href":"https:\/\/www.bau-styl.hu\/epitoanyag\/wp-json\/wp\/v2\/media\/1981"}],"wp:attachment":[{"href":"https:\/\/www.bau-styl.hu\/epitoanyag\/wp-json\/wp\/v2\/media?parent=4577"}],"wp:term":[{"taxonomy":"product_brand","embeddable":true,"href":"https:\/\/www.bau-styl.hu\/epitoanyag\/wp-json\/wp\/v2\/product_brand?post=4577"},{"taxonomy":"product_cat","embeddable":true,"href":"https:\/\/www.bau-styl.hu\/epitoanyag\/wp-json\/wp\/v2\/product_cat?post=4577"},{"taxonomy":"product_tag","embeddable":true,"href":"https:\/\/www.bau-styl.hu\/epitoanyag\/wp-json\/wp\/v2\/product_tag?post=4577"}],"curies":[{"name":"wp","href":"https:\/\/api.w.org\/{rel}","templated":true}]}}