{"id":4594,"date":"2019-10-24T18:04:14","date_gmt":"2019-10-24T16:04:14","guid":{"rendered":"https:\/\/www.bau-styl.hu\/epitoanyag\/termek\/baumit-startherm-e-eps-grafit-reflex-homlokzati-hoszigetelo-lemez-14-cm\/"},"modified":"2024-01-15T21:06:52","modified_gmt":"2024-01-15T19:06:52","slug":"baumit-startherm-e-eps-grafit-reflex-homlokzati-hoszigetelo-lemez-14-cm","status":"publish","type":"product","link":"https:\/\/www.bau-styl.hu\/epitoanyag\/termek\/baumit-startherm-e-eps-grafit-reflex-homlokzati-hoszigetelo-lemez-14-cm\/","title":{"rendered":"Baumit StarTherm E (EPS grafit reflex) Homlokzati h\u0151szigetel\u0151 lemez 14 cm"},"content":{"rendered":"","protected":false},"excerpt":{"rendered":"<p>A Baumit grafit reflex homlokzati h\u0151szigetel\u0151 lemez fel\u00fcletkezelt (6\u201330 cm vastags\u00e1gban), sz\u00fcrke sz\u00edn\u0171, polisztirol h\u0151szigetel\u0151 t\u00e1bl\u00e1k k\u00fcl\u00f6nlegesen j\u00f3 h\u0151szigetel\u0151 tulajdons\u00e1ggal. A fel\u00fcletkezel\u00e9s funkci\u00f3ja, hogy kivitelez\u00e9skor ne melegedjen \u00e1t a napsug\u00e1rz\u00e1s hat\u00e1s\u00e1ra a s\u00f6t\u00e9t sz\u00edn\u0171 grafit\u0151rlem\u00e9nyt tartalmaz\u00f3 lemez.<\/p>\n","protected":false},"featured_media":1989,"template":"","meta":[],"product_brand":[],"product_cat":[301,6603,4387,305],"product_tag":[6581],"class_list":{"0":"post-4594","1":"product","2":"type-product","3":"status-publish","4":"has-post-thumbnail","6":"product_cat-ho-es-hangszigeteles","7":"product_cat-polisztirol","8":"product_cat-homlokzati-szigeteles","9":"product_cat-baumit-homlokzati-polosztirol","10":"product_tag-baumit","12":"first","13":"instock","14":"taxable","15":"shipping-taxable","16":"purchasable","17":"product-type-simple"},"aioseo_notices":[],"_links":{"self":[{"href":"https:\/\/www.bau-styl.hu\/epitoanyag\/wp-json\/wp\/v2\/product\/4594","targetHints":{"allow":["GET"]}}],"collection":[{"href":"https:\/\/www.bau-styl.hu\/epitoanyag\/wp-json\/wp\/v2\/product"}],"about":[{"href":"https:\/\/www.bau-styl.hu\/epitoanyag\/wp-json\/wp\/v2\/types\/product"}],"wp:featuredmedia":[{"embeddable":true,"href":"https:\/\/www.bau-styl.hu\/epitoanyag\/wp-json\/wp\/v2\/media\/1989"}],"wp:attachment":[{"href":"https:\/\/www.bau-styl.hu\/epitoanyag\/wp-json\/wp\/v2\/media?parent=4594"}],"wp:term":[{"taxonomy":"product_brand","embeddable":true,"href":"https:\/\/www.bau-styl.hu\/epitoanyag\/wp-json\/wp\/v2\/product_brand?post=4594"},{"taxonomy":"product_cat","embeddable":true,"href":"https:\/\/www.bau-styl.hu\/epitoanyag\/wp-json\/wp\/v2\/product_cat?post=4594"},{"taxonomy":"product_tag","embeddable":true,"href":"https:\/\/www.bau-styl.hu\/epitoanyag\/wp-json\/wp\/v2\/product_tag?post=4594"}],"curies":[{"name":"wp","href":"https:\/\/api.w.org\/{rel}","templated":true}]}}