{"id":45992,"date":"2026-02-11T13:48:54","date_gmt":"2026-02-11T11:48:54","guid":{"rendered":"https:\/\/www.bau-styl.hu\/epitoanyag\/?post_type=product&#038;p=45992"},"modified":"2026-03-16T10:36:09","modified_gmt":"2026-03-16T08:36:09","slug":"alcaplast-zuhanyfolyoka-peremmel-ketoldalu-racsokhoz-fekete-matt-850mm","status":"publish","type":"product","link":"https:\/\/www.bau-styl.hu\/epitoanyag\/termek\/alcaplast-zuhanyfolyoka-peremmel-ketoldalu-racsokhoz-fekete-matt-850mm\/","title":{"rendered":"Alcaplast zuhanyfoly\u00f3ka peremmel k\u00e9toldal\u00fa r\u00e1csokhoz fekete matt 850mm"},"content":{"rendered":"","protected":false},"excerpt":{"rendered":"","protected":false},"featured_media":45982,"template":"","meta":[],"product_brand":[10489],"product_cat":[10806],"product_tag":[10796],"class_list":{"0":"post-45992","1":"product","2":"type-product","3":"status-publish","4":"has-post-thumbnail","6":"product_brand-alcaplast","7":"product_cat-zuhany","8":"product_tag-zuhany","10":"first","11":"instock","12":"taxable","13":"shipping-taxable","14":"purchasable","15":"product-type-simple"},"aioseo_notices":[],"_links":{"self":[{"href":"https:\/\/www.bau-styl.hu\/epitoanyag\/wp-json\/wp\/v2\/product\/45992","targetHints":{"allow":["GET"]}}],"collection":[{"href":"https:\/\/www.bau-styl.hu\/epitoanyag\/wp-json\/wp\/v2\/product"}],"about":[{"href":"https:\/\/www.bau-styl.hu\/epitoanyag\/wp-json\/wp\/v2\/types\/product"}],"wp:featuredmedia":[{"embeddable":true,"href":"https:\/\/www.bau-styl.hu\/epitoanyag\/wp-json\/wp\/v2\/media\/45982"}],"wp:attachment":[{"href":"https:\/\/www.bau-styl.hu\/epitoanyag\/wp-json\/wp\/v2\/media?parent=45992"}],"wp:term":[{"taxonomy":"product_brand","embeddable":true,"href":"https:\/\/www.bau-styl.hu\/epitoanyag\/wp-json\/wp\/v2\/product_brand?post=45992"},{"taxonomy":"product_cat","embeddable":true,"href":"https:\/\/www.bau-styl.hu\/epitoanyag\/wp-json\/wp\/v2\/product_cat?post=45992"},{"taxonomy":"product_tag","embeddable":true,"href":"https:\/\/www.bau-styl.hu\/epitoanyag\/wp-json\/wp\/v2\/product_tag?post=45992"}],"curies":[{"name":"wp","href":"https:\/\/api.w.org\/{rel}","templated":true}]}}