{"id":45997,"date":"2026-02-11T13:48:56","date_gmt":"2026-02-11T11:48:56","guid":{"rendered":"https:\/\/www.bau-styl.hu\/epitoanyag\/?post_type=product&#038;p=45997"},"modified":"2026-03-16T10:35:41","modified_gmt":"2026-03-16T08:35:41","slug":"arezzo-design-smart-black-800x500-torolkozoszaritos-radiator-ar-sm8050a","status":"publish","type":"product","link":"https:\/\/www.bau-styl.hu\/epitoanyag\/termek\/arezzo-design-smart-black-800x500-torolkozoszaritos-radiator-ar-sm8050a\/","title":{"rendered":"AREZZO design SMART BLACK 800&#215;500 t\u00f6r\u00f6lk\u00f6z\u0151sz\u00e1r\u00edt\u00f3s radi\u00e1tor AR-SM8050A"},"content":{"rendered":"","protected":false},"excerpt":{"rendered":"","protected":false},"featured_media":45643,"template":"","meta":[],"product_brand":[10495],"product_cat":[10807],"product_tag":[],"class_list":{"0":"post-45997","1":"product","2":"type-product","3":"status-publish","4":"has-post-thumbnail","6":"product_brand-arezzodesign","7":"product_cat-radiator","9":"first","10":"instock","11":"taxable","12":"shipping-taxable","13":"purchasable","14":"product-type-simple"},"aioseo_notices":[],"_links":{"self":[{"href":"https:\/\/www.bau-styl.hu\/epitoanyag\/wp-json\/wp\/v2\/product\/45997","targetHints":{"allow":["GET"]}}],"collection":[{"href":"https:\/\/www.bau-styl.hu\/epitoanyag\/wp-json\/wp\/v2\/product"}],"about":[{"href":"https:\/\/www.bau-styl.hu\/epitoanyag\/wp-json\/wp\/v2\/types\/product"}],"wp:featuredmedia":[{"embeddable":true,"href":"https:\/\/www.bau-styl.hu\/epitoanyag\/wp-json\/wp\/v2\/media\/45643"}],"wp:attachment":[{"href":"https:\/\/www.bau-styl.hu\/epitoanyag\/wp-json\/wp\/v2\/media?parent=45997"}],"wp:term":[{"taxonomy":"product_brand","embeddable":true,"href":"https:\/\/www.bau-styl.hu\/epitoanyag\/wp-json\/wp\/v2\/product_brand?post=45997"},{"taxonomy":"product_cat","embeddable":true,"href":"https:\/\/www.bau-styl.hu\/epitoanyag\/wp-json\/wp\/v2\/product_cat?post=45997"},{"taxonomy":"product_tag","embeddable":true,"href":"https:\/\/www.bau-styl.hu\/epitoanyag\/wp-json\/wp\/v2\/product_tag?post=45997"}],"curies":[{"name":"wp","href":"https:\/\/api.w.org\/{rel}","templated":true}]}}