{"id":46002,"date":"2026-02-11T13:48:57","date_gmt":"2026-02-11T11:48:57","guid":{"rendered":"https:\/\/www.bau-styl.hu\/epitoanyag\/?post_type=product&#038;p=46002"},"modified":"2026-03-16T10:32:29","modified_gmt":"2026-03-16T08:32:29","slug":"bugnatese-oxford-allo-mosogatocsaptelep-leereszto-nelkul-matt-fekete-szinben-6382ne","status":"publish","type":"product","link":"https:\/\/www.bau-styl.hu\/epitoanyag\/termek\/bugnatese-oxford-allo-mosogatocsaptelep-leereszto-nelkul-matt-fekete-szinben-6382ne\/","title":{"rendered":"Bugnatese OXFORD \u00c1ll\u00f3 mosogat\u00f3csaptelep leereszt\u0151 n\u00e9lk\u00fcl matt fekete sz\u00ednben 6382NE"},"content":{"rendered":"","protected":false},"excerpt":{"rendered":"","protected":false},"featured_media":45646,"template":"","meta":[],"product_brand":[10501],"product_cat":[10805],"product_tag":[],"class_list":{"0":"post-46002","1":"product","2":"type-product","3":"status-publish","4":"has-post-thumbnail","6":"product_brand-bugnatese","7":"product_cat-csaptelep","9":"first","10":"instock","11":"taxable","12":"shipping-taxable","13":"purchasable","14":"product-type-simple"},"aioseo_notices":[],"_links":{"self":[{"href":"https:\/\/www.bau-styl.hu\/epitoanyag\/wp-json\/wp\/v2\/product\/46002","targetHints":{"allow":["GET"]}}],"collection":[{"href":"https:\/\/www.bau-styl.hu\/epitoanyag\/wp-json\/wp\/v2\/product"}],"about":[{"href":"https:\/\/www.bau-styl.hu\/epitoanyag\/wp-json\/wp\/v2\/types\/product"}],"wp:featuredmedia":[{"embeddable":true,"href":"https:\/\/www.bau-styl.hu\/epitoanyag\/wp-json\/wp\/v2\/media\/45646"}],"wp:attachment":[{"href":"https:\/\/www.bau-styl.hu\/epitoanyag\/wp-json\/wp\/v2\/media?parent=46002"}],"wp:term":[{"taxonomy":"product_brand","embeddable":true,"href":"https:\/\/www.bau-styl.hu\/epitoanyag\/wp-json\/wp\/v2\/product_brand?post=46002"},{"taxonomy":"product_cat","embeddable":true,"href":"https:\/\/www.bau-styl.hu\/epitoanyag\/wp-json\/wp\/v2\/product_cat?post=46002"},{"taxonomy":"product_tag","embeddable":true,"href":"https:\/\/www.bau-styl.hu\/epitoanyag\/wp-json\/wp\/v2\/product_tag?post=46002"}],"curies":[{"name":"wp","href":"https:\/\/api.w.org\/{rel}","templated":true}]}}