{"id":46017,"date":"2026-02-11T13:52:41","date_gmt":"2026-02-11T11:52:41","guid":{"rendered":"https:\/\/www.bau-styl.hu\/epitoanyag\/?post_type=product&#038;p=46017"},"modified":"2026-03-16T10:32:29","modified_gmt":"2026-03-16T08:32:29","slug":"novaservis-fali-zuhanyrendszer-esozteto-es-kezi-zuhanyfejjel-set060-2-0","status":"publish","type":"product","link":"https:\/\/www.bau-styl.hu\/epitoanyag\/termek\/novaservis-fali-zuhanyrendszer-esozteto-es-kezi-zuhanyfejjel-set060-2-0\/","title":{"rendered":"Novaservis Fali zuhanyrendszer, es\u0151ztet\u0151 \u00e9s k\u00e9zi zuhanyfejjel (SET060\/2.0)"},"content":{"rendered":"","protected":false},"excerpt":{"rendered":"","protected":false},"featured_media":45672,"template":"","meta":[],"product_brand":[10523],"product_cat":[10805],"product_tag":[],"class_list":{"0":"post-46017","1":"product","2":"type-product","3":"status-publish","4":"has-post-thumbnail","6":"product_brand-novaservis","7":"product_cat-csaptelep","9":"first","10":"instock","11":"taxable","12":"shipping-taxable","13":"purchasable","14":"product-type-simple"},"aioseo_notices":[],"_links":{"self":[{"href":"https:\/\/www.bau-styl.hu\/epitoanyag\/wp-json\/wp\/v2\/product\/46017","targetHints":{"allow":["GET"]}}],"collection":[{"href":"https:\/\/www.bau-styl.hu\/epitoanyag\/wp-json\/wp\/v2\/product"}],"about":[{"href":"https:\/\/www.bau-styl.hu\/epitoanyag\/wp-json\/wp\/v2\/types\/product"}],"wp:featuredmedia":[{"embeddable":true,"href":"https:\/\/www.bau-styl.hu\/epitoanyag\/wp-json\/wp\/v2\/media\/45672"}],"wp:attachment":[{"href":"https:\/\/www.bau-styl.hu\/epitoanyag\/wp-json\/wp\/v2\/media?parent=46017"}],"wp:term":[{"taxonomy":"product_brand","embeddable":true,"href":"https:\/\/www.bau-styl.hu\/epitoanyag\/wp-json\/wp\/v2\/product_brand?post=46017"},{"taxonomy":"product_cat","embeddable":true,"href":"https:\/\/www.bau-styl.hu\/epitoanyag\/wp-json\/wp\/v2\/product_cat?post=46017"},{"taxonomy":"product_tag","embeddable":true,"href":"https:\/\/www.bau-styl.hu\/epitoanyag\/wp-json\/wp\/v2\/product_tag?post=46017"}],"curies":[{"name":"wp","href":"https:\/\/api.w.org\/{rel}","templated":true}]}}