{"id":46108,"date":"2026-02-11T14:03:48","date_gmt":"2026-02-11T12:03:48","guid":{"rendered":"https:\/\/www.bau-styl.hu\/epitoanyag\/?post_type=product&#038;p=46108"},"modified":"2026-03-16T10:38:12","modified_gmt":"2026-03-16T08:38:12","slug":"villeroy-zze-raultetheto-mosdo-kerek-fali-vagy-magasitott-csaptelephez-csaplyukfurat-nelkul-tu","status":"publish","type":"product","link":"https:\/\/www.bau-styl.hu\/epitoanyag\/termek\/villeroy-zze-raultetheto-mosdo-kerek-fali-vagy-magasitott-csaptelephez-csaplyukfurat-nelkul-tu\/","title":{"rendered":"Villeroy ZZE R\u00e1\u00fcltethet\u0151 mosd\u00f3 Kerek, fali vagy magas\u00edtott csaptelephez, csaplyukfurat n\u00e9lk\u00fcl, t\u00fa"},"content":{"rendered":"","protected":false},"excerpt":{"rendered":"","protected":false},"featured_media":45855,"template":"","meta":[],"product_brand":[10600],"product_cat":[10810],"product_tag":[10800],"class_list":{"0":"post-46108","1":"product","2":"type-product","3":"status-publish","4":"has-post-thumbnail","6":"product_brand-villeroy","7":"product_cat-furdoszoba-szaniter","8":"product_tag-szaniter","10":"first","11":"instock","12":"taxable","13":"shipping-taxable","14":"purchasable","15":"product-type-simple"},"aioseo_notices":[],"_links":{"self":[{"href":"https:\/\/www.bau-styl.hu\/epitoanyag\/wp-json\/wp\/v2\/product\/46108","targetHints":{"allow":["GET"]}}],"collection":[{"href":"https:\/\/www.bau-styl.hu\/epitoanyag\/wp-json\/wp\/v2\/product"}],"about":[{"href":"https:\/\/www.bau-styl.hu\/epitoanyag\/wp-json\/wp\/v2\/types\/product"}],"wp:featuredmedia":[{"embeddable":true,"href":"https:\/\/www.bau-styl.hu\/epitoanyag\/wp-json\/wp\/v2\/media\/45855"}],"wp:attachment":[{"href":"https:\/\/www.bau-styl.hu\/epitoanyag\/wp-json\/wp\/v2\/media?parent=46108"}],"wp:term":[{"taxonomy":"product_brand","embeddable":true,"href":"https:\/\/www.bau-styl.hu\/epitoanyag\/wp-json\/wp\/v2\/product_brand?post=46108"},{"taxonomy":"product_cat","embeddable":true,"href":"https:\/\/www.bau-styl.hu\/epitoanyag\/wp-json\/wp\/v2\/product_cat?post=46108"},{"taxonomy":"product_tag","embeddable":true,"href":"https:\/\/www.bau-styl.hu\/epitoanyag\/wp-json\/wp\/v2\/product_tag?post=46108"}],"curies":[{"name":"wp","href":"https:\/\/api.w.org\/{rel}","templated":true}]}}