{"id":46115,"date":"2026-02-11T14:03:50","date_gmt":"2026-02-11T12:03:50","guid":{"rendered":"https:\/\/www.bau-styl.hu\/epitoanyag\/?post_type=product&#038;p=46115"},"modified":"2026-03-16T10:31:56","modified_gmt":"2026-03-16T08:31:56","slug":"tres-base-termosztatos-zuhanyrendszer-krom-fejzuhany-d22-cm-kezizuhany-gegecso","status":"publish","type":"product","link":"https:\/\/www.bau-styl.hu\/epitoanyag\/termek\/tres-base-termosztatos-zuhanyrendszer-krom-fejzuhany-d22-cm-kezizuhany-gegecso\/","title":{"rendered":"Tres Base termoszt\u00e1tos zuhanyrendszer kr\u00f3m fejzuhany d=22 cm, k\u00e9zizuhany, g\u00e9gecs\u0151"},"content":{"rendered":"","protected":false},"excerpt":{"rendered":"","protected":false},"featured_media":45958,"template":"","meta":[],"product_brand":[10487],"product_cat":[10805],"product_tag":[],"class_list":{"0":"post-46115","1":"product","2":"type-product","3":"status-publish","4":"has-post-thumbnail","6":"product_brand-tres","7":"product_cat-csaptelep","9":"first","10":"instock","11":"taxable","12":"shipping-taxable","13":"purchasable","14":"product-type-simple"},"aioseo_notices":[],"_links":{"self":[{"href":"https:\/\/www.bau-styl.hu\/epitoanyag\/wp-json\/wp\/v2\/product\/46115","targetHints":{"allow":["GET"]}}],"collection":[{"href":"https:\/\/www.bau-styl.hu\/epitoanyag\/wp-json\/wp\/v2\/product"}],"about":[{"href":"https:\/\/www.bau-styl.hu\/epitoanyag\/wp-json\/wp\/v2\/types\/product"}],"wp:featuredmedia":[{"embeddable":true,"href":"https:\/\/www.bau-styl.hu\/epitoanyag\/wp-json\/wp\/v2\/media\/45958"}],"wp:attachment":[{"href":"https:\/\/www.bau-styl.hu\/epitoanyag\/wp-json\/wp\/v2\/media?parent=46115"}],"wp:term":[{"taxonomy":"product_brand","embeddable":true,"href":"https:\/\/www.bau-styl.hu\/epitoanyag\/wp-json\/wp\/v2\/product_brand?post=46115"},{"taxonomy":"product_cat","embeddable":true,"href":"https:\/\/www.bau-styl.hu\/epitoanyag\/wp-json\/wp\/v2\/product_cat?post=46115"},{"taxonomy":"product_tag","embeddable":true,"href":"https:\/\/www.bau-styl.hu\/epitoanyag\/wp-json\/wp\/v2\/product_tag?post=46115"}],"curies":[{"name":"wp","href":"https:\/\/api.w.org\/{rel}","templated":true}]}}