{"id":46157,"date":"2026-02-11T14:09:06","date_gmt":"2026-02-11T12:09:06","guid":{"rendered":"https:\/\/www.bau-styl.hu\/epitoanyag\/?post_type=product&#038;p=46157"},"modified":"2026-03-16T10:31:36","modified_gmt":"2026-03-16T08:31:36","slug":"novaservis-titania-iris-fali-mosogatocsaptelep-kifolyo-nelkul-92070-1-0","status":"publish","type":"product","link":"https:\/\/www.bau-styl.hu\/epitoanyag\/termek\/novaservis-titania-iris-fali-mosogatocsaptelep-kifolyo-nelkul-92070-1-0\/","title":{"rendered":"Novaservis Titania Iris fali mosogat\u00f3csaptelep kifoly\u00f3 n\u00e9lk\u00fcl (92070\/1.0)"},"content":{"rendered":"","protected":false},"excerpt":{"rendered":"","protected":false},"featured_media":45667,"template":"","meta":[],"product_brand":[10523],"product_cat":[10805],"product_tag":[],"class_list":{"0":"post-46157","1":"product","2":"type-product","3":"status-publish","4":"has-post-thumbnail","6":"product_brand-novaservis","7":"product_cat-csaptelep","9":"first","10":"instock","11":"taxable","12":"shipping-taxable","13":"purchasable","14":"product-type-simple"},"aioseo_notices":[],"_links":{"self":[{"href":"https:\/\/www.bau-styl.hu\/epitoanyag\/wp-json\/wp\/v2\/product\/46157","targetHints":{"allow":["GET"]}}],"collection":[{"href":"https:\/\/www.bau-styl.hu\/epitoanyag\/wp-json\/wp\/v2\/product"}],"about":[{"href":"https:\/\/www.bau-styl.hu\/epitoanyag\/wp-json\/wp\/v2\/types\/product"}],"wp:featuredmedia":[{"embeddable":true,"href":"https:\/\/www.bau-styl.hu\/epitoanyag\/wp-json\/wp\/v2\/media\/45667"}],"wp:attachment":[{"href":"https:\/\/www.bau-styl.hu\/epitoanyag\/wp-json\/wp\/v2\/media?parent=46157"}],"wp:term":[{"taxonomy":"product_brand","embeddable":true,"href":"https:\/\/www.bau-styl.hu\/epitoanyag\/wp-json\/wp\/v2\/product_brand?post=46157"},{"taxonomy":"product_cat","embeddable":true,"href":"https:\/\/www.bau-styl.hu\/epitoanyag\/wp-json\/wp\/v2\/product_cat?post=46157"},{"taxonomy":"product_tag","embeddable":true,"href":"https:\/\/www.bau-styl.hu\/epitoanyag\/wp-json\/wp\/v2\/product_tag?post=46157"}],"curies":[{"name":"wp","href":"https:\/\/api.w.org\/{rel}","templated":true}]}}