{"id":46163,"date":"2026-02-11T14:09:08","date_gmt":"2026-02-11T12:09:08","guid":{"rendered":"https:\/\/www.bau-styl.hu\/epitoanyag\/?post_type=product&#038;p=46163"},"modified":"2026-03-16T10:31:35","modified_gmt":"2026-03-16T08:31:35","slug":"mcalpine-mosogato-csoszifon-mosogep-csatlakozoval-5-4-6-4-50","status":"publish","type":"product","link":"https:\/\/www.bau-styl.hu\/epitoanyag\/termek\/mcalpine-mosogato-csoszifon-mosogep-csatlakozoval-5-4-6-4-50\/","title":{"rendered":"McAlpine Mosogat\u00f3 cs\u0151szifon mos\u00f3g\u00e9p csatlakoz\u00f3val 5\/4&#8243;-6\/4&#8243;-50"},"content":{"rendered":"","protected":false},"excerpt":{"rendered":"","protected":false},"featured_media":45733,"template":"","meta":[],"product_brand":[10641],"product_cat":[10805],"product_tag":[],"class_list":{"0":"post-46163","1":"product","2":"type-product","3":"status-publish","4":"has-post-thumbnail","6":"product_brand-mcalpine","7":"product_cat-csaptelep","9":"first","10":"instock","11":"taxable","12":"shipping-taxable","13":"purchasable","14":"product-type-simple"},"aioseo_notices":[],"_links":{"self":[{"href":"https:\/\/www.bau-styl.hu\/epitoanyag\/wp-json\/wp\/v2\/product\/46163","targetHints":{"allow":["GET"]}}],"collection":[{"href":"https:\/\/www.bau-styl.hu\/epitoanyag\/wp-json\/wp\/v2\/product"}],"about":[{"href":"https:\/\/www.bau-styl.hu\/epitoanyag\/wp-json\/wp\/v2\/types\/product"}],"wp:featuredmedia":[{"embeddable":true,"href":"https:\/\/www.bau-styl.hu\/epitoanyag\/wp-json\/wp\/v2\/media\/45733"}],"wp:attachment":[{"href":"https:\/\/www.bau-styl.hu\/epitoanyag\/wp-json\/wp\/v2\/media?parent=46163"}],"wp:term":[{"taxonomy":"product_brand","embeddable":true,"href":"https:\/\/www.bau-styl.hu\/epitoanyag\/wp-json\/wp\/v2\/product_brand?post=46163"},{"taxonomy":"product_cat","embeddable":true,"href":"https:\/\/www.bau-styl.hu\/epitoanyag\/wp-json\/wp\/v2\/product_cat?post=46163"},{"taxonomy":"product_tag","embeddable":true,"href":"https:\/\/www.bau-styl.hu\/epitoanyag\/wp-json\/wp\/v2\/product_tag?post=46163"}],"curies":[{"name":"wp","href":"https:\/\/api.w.org\/{rel}","templated":true}]}}