{"id":46204,"date":"2026-02-11T14:18:05","date_gmt":"2026-02-11T12:18:05","guid":{"rendered":"https:\/\/www.bau-styl.hu\/epitoanyag\/?post_type=product&#038;p=46204"},"modified":"2026-03-16T10:38:11","modified_gmt":"2026-03-16T08:38:11","slug":"geberit-sigma20-mukodteto-nyomolap-2-mennyiseges-fenyes-krom-matt-krom-fenyes-krom","status":"publish","type":"product","link":"https:\/\/www.bau-styl.hu\/epitoanyag\/termek\/geberit-sigma20-mukodteto-nyomolap-2-mennyiseges-fenyes-krom-matt-krom-fenyes-krom\/","title":{"rendered":"Geberit Sigma20 M\u0171k\u00f6dtet\u0151 nyom\u00f3lap, 2 mennyis\u00e9ges f\u00e9nyes kr\u00f3m\/matt kr\u00f3m\/f\u00e9nyes kr\u00f3m"},"content":{"rendered":"","protected":false},"excerpt":{"rendered":"","protected":false},"featured_media":45788,"template":"","meta":[],"product_brand":[10582],"product_cat":[10810],"product_tag":[10800],"class_list":{"0":"post-46204","1":"product","2":"type-product","3":"status-publish","4":"has-post-thumbnail","6":"product_brand-geberit","7":"product_cat-furdoszoba-szaniter","8":"product_tag-szaniter","10":"first","11":"instock","12":"taxable","13":"shipping-taxable","14":"purchasable","15":"product-type-simple"},"aioseo_notices":[],"_links":{"self":[{"href":"https:\/\/www.bau-styl.hu\/epitoanyag\/wp-json\/wp\/v2\/product\/46204","targetHints":{"allow":["GET"]}}],"collection":[{"href":"https:\/\/www.bau-styl.hu\/epitoanyag\/wp-json\/wp\/v2\/product"}],"about":[{"href":"https:\/\/www.bau-styl.hu\/epitoanyag\/wp-json\/wp\/v2\/types\/product"}],"wp:featuredmedia":[{"embeddable":true,"href":"https:\/\/www.bau-styl.hu\/epitoanyag\/wp-json\/wp\/v2\/media\/45788"}],"wp:attachment":[{"href":"https:\/\/www.bau-styl.hu\/epitoanyag\/wp-json\/wp\/v2\/media?parent=46204"}],"wp:term":[{"taxonomy":"product_brand","embeddable":true,"href":"https:\/\/www.bau-styl.hu\/epitoanyag\/wp-json\/wp\/v2\/product_brand?post=46204"},{"taxonomy":"product_cat","embeddable":true,"href":"https:\/\/www.bau-styl.hu\/epitoanyag\/wp-json\/wp\/v2\/product_cat?post=46204"},{"taxonomy":"product_tag","embeddable":true,"href":"https:\/\/www.bau-styl.hu\/epitoanyag\/wp-json\/wp\/v2\/product_tag?post=46204"}],"curies":[{"name":"wp","href":"https:\/\/api.w.org\/{rel}","templated":true}]}}