{"id":46225,"date":"2026-02-11T14:26:49","date_gmt":"2026-02-11T12:26:49","guid":{"rendered":"https:\/\/www.bau-styl.hu\/epitoanyag\/?post_type=product&#038;p=46225"},"modified":"2026-03-16T10:31:34","modified_gmt":"2026-03-16T08:31:34","slug":"grohe-eurostyle-cosmopolitan-zuhanycsaptelep-egykaros-falon-kivuli-szereleshez-1-2-krom","status":"publish","type":"product","link":"https:\/\/www.bau-styl.hu\/epitoanyag\/termek\/grohe-eurostyle-cosmopolitan-zuhanycsaptelep-egykaros-falon-kivuli-szereleshez-1-2-krom\/","title":{"rendered":"Grohe Eurostyle Cosmopolitan Zuhanycsaptelep egykaros, falon k\u00edv\u00fcli szerel\u00e9shez 1\/2&#8243;, kr\u00f3m"},"content":{"rendered":"","protected":false},"excerpt":{"rendered":"","protected":false},"featured_media":45720,"template":"","meta":[],"product_brand":[10514],"product_cat":[10805],"product_tag":[],"class_list":{"0":"post-46225","1":"product","2":"type-product","3":"status-publish","4":"has-post-thumbnail","6":"product_brand-grohe","7":"product_cat-csaptelep","9":"first","10":"instock","11":"taxable","12":"shipping-taxable","13":"purchasable","14":"product-type-simple"},"aioseo_notices":[],"_links":{"self":[{"href":"https:\/\/www.bau-styl.hu\/epitoanyag\/wp-json\/wp\/v2\/product\/46225","targetHints":{"allow":["GET"]}}],"collection":[{"href":"https:\/\/www.bau-styl.hu\/epitoanyag\/wp-json\/wp\/v2\/product"}],"about":[{"href":"https:\/\/www.bau-styl.hu\/epitoanyag\/wp-json\/wp\/v2\/types\/product"}],"wp:featuredmedia":[{"embeddable":true,"href":"https:\/\/www.bau-styl.hu\/epitoanyag\/wp-json\/wp\/v2\/media\/45720"}],"wp:attachment":[{"href":"https:\/\/www.bau-styl.hu\/epitoanyag\/wp-json\/wp\/v2\/media?parent=46225"}],"wp:term":[{"taxonomy":"product_brand","embeddable":true,"href":"https:\/\/www.bau-styl.hu\/epitoanyag\/wp-json\/wp\/v2\/product_brand?post=46225"},{"taxonomy":"product_cat","embeddable":true,"href":"https:\/\/www.bau-styl.hu\/epitoanyag\/wp-json\/wp\/v2\/product_cat?post=46225"},{"taxonomy":"product_tag","embeddable":true,"href":"https:\/\/www.bau-styl.hu\/epitoanyag\/wp-json\/wp\/v2\/product_tag?post=46225"}],"curies":[{"name":"wp","href":"https:\/\/api.w.org\/{rel}","templated":true}]}}