{"id":46265,"date":"2026-02-11T14:46:10","date_gmt":"2026-02-11T12:46:10","guid":{"rendered":"https:\/\/www.bau-styl.hu\/epitoanyag\/?post_type=product&#038;p=46265"},"modified":"2026-03-16T10:30:45","modified_gmt":"2026-03-16T08:30:45","slug":"grohe-eurostyle-bidecsaptelep-egykaros-1-2-s-size-moon-white-krom-teli-fem-fogantyuval","status":"publish","type":"product","link":"https:\/\/www.bau-styl.hu\/epitoanyag\/termek\/grohe-eurostyle-bidecsaptelep-egykaros-1-2-s-size-moon-white-krom-teli-fem-fogantyuval\/","title":{"rendered":"Grohe Eurostyle Bid\u00e9csaptelep egykaros, 1\/2&#8243;, S-Size, moon white\/kr\u00f3m, teli f\u00e9m foganty\u00faval"},"content":{"rendered":"","protected":false},"excerpt":{"rendered":"","protected":false},"featured_media":45822,"template":"","meta":[],"product_brand":[10514],"product_cat":[10805],"product_tag":[],"class_list":{"0":"post-46265","1":"product","2":"type-product","3":"status-publish","4":"has-post-thumbnail","6":"product_brand-grohe","7":"product_cat-csaptelep","9":"first","10":"instock","11":"taxable","12":"shipping-taxable","13":"purchasable","14":"product-type-simple"},"aioseo_notices":[],"_links":{"self":[{"href":"https:\/\/www.bau-styl.hu\/epitoanyag\/wp-json\/wp\/v2\/product\/46265","targetHints":{"allow":["GET"]}}],"collection":[{"href":"https:\/\/www.bau-styl.hu\/epitoanyag\/wp-json\/wp\/v2\/product"}],"about":[{"href":"https:\/\/www.bau-styl.hu\/epitoanyag\/wp-json\/wp\/v2\/types\/product"}],"wp:featuredmedia":[{"embeddable":true,"href":"https:\/\/www.bau-styl.hu\/epitoanyag\/wp-json\/wp\/v2\/media\/45822"}],"wp:attachment":[{"href":"https:\/\/www.bau-styl.hu\/epitoanyag\/wp-json\/wp\/v2\/media?parent=46265"}],"wp:term":[{"taxonomy":"product_brand","embeddable":true,"href":"https:\/\/www.bau-styl.hu\/epitoanyag\/wp-json\/wp\/v2\/product_brand?post=46265"},{"taxonomy":"product_cat","embeddable":true,"href":"https:\/\/www.bau-styl.hu\/epitoanyag\/wp-json\/wp\/v2\/product_cat?post=46265"},{"taxonomy":"product_tag","embeddable":true,"href":"https:\/\/www.bau-styl.hu\/epitoanyag\/wp-json\/wp\/v2\/product_tag?post=46265"}],"curies":[{"name":"wp","href":"https:\/\/api.w.org\/{rel}","templated":true}]}}