{"id":46325,"date":"2026-02-11T14:59:31","date_gmt":"2026-02-11T12:59:31","guid":{"rendered":"https:\/\/www.bau-styl.hu\/epitoanyag\/?post_type=product&#038;p=46325"},"modified":"2026-03-16T10:38:10","modified_gmt":"2026-03-16T08:38:10","slug":"grohe-cube-ceramic-mosdokehely-pultra-helyezheto-tapadasmentes-antibakterialis-bevonat","status":"publish","type":"product","link":"https:\/\/www.bau-styl.hu\/epitoanyag\/termek\/grohe-cube-ceramic-mosdokehely-pultra-helyezheto-tapadasmentes-antibakterialis-bevonat\/","title":{"rendered":"Grohe Cube Ceramic Mosd\u00f3kehely, pultra helyezhet\u0151, tapad\u00e1smentes, antibakteri\u00e1lis bevonat"},"content":{"rendered":"","protected":false},"excerpt":{"rendered":"","protected":false},"featured_media":45886,"template":"","meta":[],"product_brand":[10514],"product_cat":[10810],"product_tag":[10800],"class_list":{"0":"post-46325","1":"product","2":"type-product","3":"status-publish","4":"has-post-thumbnail","6":"product_brand-grohe","7":"product_cat-furdoszoba-szaniter","8":"product_tag-szaniter","10":"first","11":"instock","12":"taxable","13":"shipping-taxable","14":"purchasable","15":"product-type-simple"},"aioseo_notices":[],"_links":{"self":[{"href":"https:\/\/www.bau-styl.hu\/epitoanyag\/wp-json\/wp\/v2\/product\/46325","targetHints":{"allow":["GET"]}}],"collection":[{"href":"https:\/\/www.bau-styl.hu\/epitoanyag\/wp-json\/wp\/v2\/product"}],"about":[{"href":"https:\/\/www.bau-styl.hu\/epitoanyag\/wp-json\/wp\/v2\/types\/product"}],"wp:featuredmedia":[{"embeddable":true,"href":"https:\/\/www.bau-styl.hu\/epitoanyag\/wp-json\/wp\/v2\/media\/45886"}],"wp:attachment":[{"href":"https:\/\/www.bau-styl.hu\/epitoanyag\/wp-json\/wp\/v2\/media?parent=46325"}],"wp:term":[{"taxonomy":"product_brand","embeddable":true,"href":"https:\/\/www.bau-styl.hu\/epitoanyag\/wp-json\/wp\/v2\/product_brand?post=46325"},{"taxonomy":"product_cat","embeddable":true,"href":"https:\/\/www.bau-styl.hu\/epitoanyag\/wp-json\/wp\/v2\/product_cat?post=46325"},{"taxonomy":"product_tag","embeddable":true,"href":"https:\/\/www.bau-styl.hu\/epitoanyag\/wp-json\/wp\/v2\/product_tag?post=46325"}],"curies":[{"name":"wp","href":"https:\/\/api.w.org\/{rel}","templated":true}]}}