{"id":46359,"date":"2026-02-11T14:59:39","date_gmt":"2026-02-11T12:59:39","guid":{"rendered":"https:\/\/www.bau-styl.hu\/epitoanyag\/?post_type=product&#038;p=46359"},"modified":"2026-03-16T10:29:16","modified_gmt":"2026-03-16T08:29:16","slug":"gedy-ficus-wc-papir-tarto-takarolemezzel-krom-126x55x14-cm","status":"publish","type":"product","link":"https:\/\/www.bau-styl.hu\/epitoanyag\/termek\/gedy-ficus-wc-papir-tarto-takarolemezzel-krom-126x55x14-cm\/","title":{"rendered":"Gedy Ficus Wc pap\u00edr tart\u00f3 takar\u00f3lemezzel kr\u00f3m, 12,6&#215;5,5&#215;14 cm"},"content":{"rendered":"","protected":false},"excerpt":{"rendered":"","protected":false},"featured_media":45915,"template":"","meta":[],"product_brand":[10530],"product_cat":[10809],"product_tag":[],"class_list":{"0":"post-46359","1":"product","2":"type-product","3":"status-publish","4":"has-post-thumbnail","6":"product_brand-gedy","7":"product_cat-furdoszobai-kiegeszito","9":"first","10":"instock","11":"taxable","12":"shipping-taxable","13":"purchasable","14":"product-type-simple"},"aioseo_notices":[],"_links":{"self":[{"href":"https:\/\/www.bau-styl.hu\/epitoanyag\/wp-json\/wp\/v2\/product\/46359","targetHints":{"allow":["GET"]}}],"collection":[{"href":"https:\/\/www.bau-styl.hu\/epitoanyag\/wp-json\/wp\/v2\/product"}],"about":[{"href":"https:\/\/www.bau-styl.hu\/epitoanyag\/wp-json\/wp\/v2\/types\/product"}],"wp:featuredmedia":[{"embeddable":true,"href":"https:\/\/www.bau-styl.hu\/epitoanyag\/wp-json\/wp\/v2\/media\/45915"}],"wp:attachment":[{"href":"https:\/\/www.bau-styl.hu\/epitoanyag\/wp-json\/wp\/v2\/media?parent=46359"}],"wp:term":[{"taxonomy":"product_brand","embeddable":true,"href":"https:\/\/www.bau-styl.hu\/epitoanyag\/wp-json\/wp\/v2\/product_brand?post=46359"},{"taxonomy":"product_cat","embeddable":true,"href":"https:\/\/www.bau-styl.hu\/epitoanyag\/wp-json\/wp\/v2\/product_cat?post=46359"},{"taxonomy":"product_tag","embeddable":true,"href":"https:\/\/www.bau-styl.hu\/epitoanyag\/wp-json\/wp\/v2\/product_tag?post=46359"}],"curies":[{"name":"wp","href":"https:\/\/api.w.org\/{rel}","templated":true}]}}