{"id":46406,"date":"2026-02-11T14:59:51","date_gmt":"2026-02-11T12:59:51","guid":{"rendered":"https:\/\/www.bau-styl.hu\/epitoanyag\/?post_type=product&#038;p=46406"},"modified":"2026-03-16T10:29:15","modified_gmt":"2026-03-16T08:29:15","slug":"emco-flow-szett-krom-fedel-nelkuli-wc-papir-tarto-akaszto-wc-kefe","status":"publish","type":"product","link":"https:\/\/www.bau-styl.hu\/epitoanyag\/termek\/emco-flow-szett-krom-fedel-nelkuli-wc-papir-tarto-akaszto-wc-kefe\/","title":{"rendered":"Emco Flow szett kr\u00f3m Fed\u00e9l n\u00e9lk\u00fcli wc pap\u00edr tart\u00f3, akaszt\u00f3, wc kefe"},"content":{"rendered":"","protected":false},"excerpt":{"rendered":"","protected":false},"featured_media":46552,"template":"","meta":[],"product_brand":[10573],"product_cat":[10809],"product_tag":[],"class_list":{"0":"post-46406","1":"product","2":"type-product","3":"status-publish","4":"has-post-thumbnail","6":"product_brand-emco","7":"product_cat-furdoszobai-kiegeszito","9":"first","10":"instock","11":"taxable","12":"shipping-taxable","13":"purchasable","14":"product-type-simple"},"aioseo_notices":[],"_links":{"self":[{"href":"https:\/\/www.bau-styl.hu\/epitoanyag\/wp-json\/wp\/v2\/product\/46406","targetHints":{"allow":["GET"]}}],"collection":[{"href":"https:\/\/www.bau-styl.hu\/epitoanyag\/wp-json\/wp\/v2\/product"}],"about":[{"href":"https:\/\/www.bau-styl.hu\/epitoanyag\/wp-json\/wp\/v2\/types\/product"}],"wp:featuredmedia":[{"embeddable":true,"href":"https:\/\/www.bau-styl.hu\/epitoanyag\/wp-json\/wp\/v2\/media\/46552"}],"wp:attachment":[{"href":"https:\/\/www.bau-styl.hu\/epitoanyag\/wp-json\/wp\/v2\/media?parent=46406"}],"wp:term":[{"taxonomy":"product_brand","embeddable":true,"href":"https:\/\/www.bau-styl.hu\/epitoanyag\/wp-json\/wp\/v2\/product_brand?post=46406"},{"taxonomy":"product_cat","embeddable":true,"href":"https:\/\/www.bau-styl.hu\/epitoanyag\/wp-json\/wp\/v2\/product_cat?post=46406"},{"taxonomy":"product_tag","embeddable":true,"href":"https:\/\/www.bau-styl.hu\/epitoanyag\/wp-json\/wp\/v2\/product_tag?post=46406"}],"curies":[{"name":"wp","href":"https:\/\/api.w.org\/{rel}","templated":true}]}}