{"id":4686,"date":"2019-10-24T18:11:03","date_gmt":"2019-10-24T18:11:03","guid":{"rendered":"https:\/\/www.bau-styl.hu\/epitoanyag\/termek\/creaton-balance-hofogo-voros-50-db-dob\/"},"modified":"2025-10-21T12:43:24","modified_gmt":"2025-10-21T10:43:24","slug":"creaton-balance-hofogo-voros","status":"publish","type":"product","link":"https:\/\/www.bau-styl.hu\/epitoanyag\/termek\/creaton-balance-hofogo-voros\/","title":{"rendered":"Creaton Balance H\u00f3fog\u00f3 v\u00f6r\u00f6s"},"content":{"rendered":"","protected":false},"excerpt":{"rendered":"<p>A f\u00e9m h\u00f3fog\u00f3 elem a h\u00f3 megcs\u00fasz\u00e1s\u00e1nak megel\u0151z\u00e9s\u00e9re szolg\u00e1l. Els\u0151sorban az ereszhez k\u00f6zeli cser\u00e9psorokn\u00e1l c\u00e9lszer\u0171 be\u00e9p\u00edteni, hat\u00e1sos megfog\u00e1st nagyobb fel\u00fcleten, s\u0171r\u0171 elhelyez\u00e9ssel eredm\u00e9nyez.<\/p>\n","protected":false},"featured_media":31405,"template":"","meta":[],"product_brand":[],"product_cat":[355,445,447,417],"product_tag":[],"class_list":{"0":"post-4686","1":"product","2":"type-product","3":"status-publish","4":"has-post-thumbnail","6":"product_cat-tetofedes","7":"product_cat-tetotartozek","8":"product_cat-fem-es-muanyag-kiegeszito","9":"product_cat-creaton-fem-es-muanyag-kiegeszito","11":"first","12":"instock","13":"taxable","14":"shipping-taxable","15":"purchasable","16":"product-type-simple"},"aioseo_notices":[],"_links":{"self":[{"href":"https:\/\/www.bau-styl.hu\/epitoanyag\/wp-json\/wp\/v2\/product\/4686","targetHints":{"allow":["GET"]}}],"collection":[{"href":"https:\/\/www.bau-styl.hu\/epitoanyag\/wp-json\/wp\/v2\/product"}],"about":[{"href":"https:\/\/www.bau-styl.hu\/epitoanyag\/wp-json\/wp\/v2\/types\/product"}],"wp:featuredmedia":[{"embeddable":true,"href":"https:\/\/www.bau-styl.hu\/epitoanyag\/wp-json\/wp\/v2\/media\/31405"}],"wp:attachment":[{"href":"https:\/\/www.bau-styl.hu\/epitoanyag\/wp-json\/wp\/v2\/media?parent=4686"}],"wp:term":[{"taxonomy":"product_brand","embeddable":true,"href":"https:\/\/www.bau-styl.hu\/epitoanyag\/wp-json\/wp\/v2\/product_brand?post=4686"},{"taxonomy":"product_cat","embeddable":true,"href":"https:\/\/www.bau-styl.hu\/epitoanyag\/wp-json\/wp\/v2\/product_cat?post=4686"},{"taxonomy":"product_tag","embeddable":true,"href":"https:\/\/www.bau-styl.hu\/epitoanyag\/wp-json\/wp\/v2\/product_tag?post=4686"}],"curies":[{"name":"wp","href":"https:\/\/api.w.org\/{rel}","templated":true}]}}