{"id":47114,"date":"2026-03-16T13:36:33","date_gmt":"2026-03-16T11:36:33","guid":{"rendered":"https:\/\/www.bau-styl.hu\/epitoanyag\/?post_type=product&#038;p=47114"},"modified":"2026-03-16T14:51:06","modified_gmt":"2026-03-16T12:51:06","slug":"geberit-beepitokeszlet-falsik-alatti-szerelesi-dobozzal-geberit-duofresh-modulhoz","status":"publish","type":"product","link":"https:\/\/www.bau-styl.hu\/epitoanyag\/termek\/geberit-beepitokeszlet-falsik-alatti-szerelesi-dobozzal-geberit-duofresh-modulhoz\/","title":{"rendered":"Geberit Be\u00e9p\u00edt\u0151k\u00e9szlet fals\u00edk alatti szerel\u00e9si dobozzal, Geberit DuoFresh modulhoz"},"content":{"rendered":"","protected":false},"excerpt":{"rendered":"","protected":false},"featured_media":47011,"template":"","meta":[],"product_brand":[10582],"product_cat":[10805],"product_tag":[],"class_list":{"0":"post-47114","1":"product","2":"type-product","3":"status-publish","4":"has-post-thumbnail","6":"product_brand-geberit","7":"product_cat-csaptelep","9":"first","10":"instock","11":"taxable","12":"shipping-taxable","13":"purchasable","14":"product-type-simple"},"aioseo_notices":[],"_links":{"self":[{"href":"https:\/\/www.bau-styl.hu\/epitoanyag\/wp-json\/wp\/v2\/product\/47114","targetHints":{"allow":["GET"]}}],"collection":[{"href":"https:\/\/www.bau-styl.hu\/epitoanyag\/wp-json\/wp\/v2\/product"}],"about":[{"href":"https:\/\/www.bau-styl.hu\/epitoanyag\/wp-json\/wp\/v2\/types\/product"}],"wp:featuredmedia":[{"embeddable":true,"href":"https:\/\/www.bau-styl.hu\/epitoanyag\/wp-json\/wp\/v2\/media\/47011"}],"wp:attachment":[{"href":"https:\/\/www.bau-styl.hu\/epitoanyag\/wp-json\/wp\/v2\/media?parent=47114"}],"wp:term":[{"taxonomy":"product_brand","embeddable":true,"href":"https:\/\/www.bau-styl.hu\/epitoanyag\/wp-json\/wp\/v2\/product_brand?post=47114"},{"taxonomy":"product_cat","embeddable":true,"href":"https:\/\/www.bau-styl.hu\/epitoanyag\/wp-json\/wp\/v2\/product_cat?post=47114"},{"taxonomy":"product_tag","embeddable":true,"href":"https:\/\/www.bau-styl.hu\/epitoanyag\/wp-json\/wp\/v2\/product_tag?post=47114"}],"curies":[{"name":"wp","href":"https:\/\/api.w.org\/{rel}","templated":true}]}}