{"id":47117,"date":"2026-03-16T13:36:33","date_gmt":"2026-03-16T11:36:33","guid":{"rendered":"https:\/\/www.bau-styl.hu\/epitoanyag\/?post_type=product&#038;p=47117"},"modified":"2026-03-16T15:56:30","modified_gmt":"2026-03-16T13:56:30","slug":"geberit-keramag-alkatresz-wc-uloke-zsaner-lecsapodasgatlos-icon-wc-hez","status":"publish","type":"product","link":"https:\/\/www.bau-styl.hu\/epitoanyag\/termek\/geberit-keramag-alkatresz-wc-uloke-zsaner-lecsapodasgatlos-icon-wc-hez\/","title":{"rendered":"Geberit Keramag Alkatr\u00e9sz WC-\u00fcl\u0151ke zsan\u00e9r, lecsap\u00f3d\u00e1sg\u00e1tl\u00f3s iCon WC-hez"},"content":{"rendered":"","protected":false},"excerpt":{"rendered":"","protected":false},"featured_media":47001,"template":"","meta":[],"product_brand":[10582],"product_cat":[10810],"product_tag":[],"class_list":{"0":"post-47117","1":"product","2":"type-product","3":"status-publish","4":"has-post-thumbnail","6":"product_brand-geberit","7":"product_cat-furdoszoba-szaniter","9":"first","10":"instock","11":"taxable","12":"shipping-taxable","13":"purchasable","14":"product-type-simple"},"aioseo_notices":[],"_links":{"self":[{"href":"https:\/\/www.bau-styl.hu\/epitoanyag\/wp-json\/wp\/v2\/product\/47117","targetHints":{"allow":["GET"]}}],"collection":[{"href":"https:\/\/www.bau-styl.hu\/epitoanyag\/wp-json\/wp\/v2\/product"}],"about":[{"href":"https:\/\/www.bau-styl.hu\/epitoanyag\/wp-json\/wp\/v2\/types\/product"}],"wp:featuredmedia":[{"embeddable":true,"href":"https:\/\/www.bau-styl.hu\/epitoanyag\/wp-json\/wp\/v2\/media\/47001"}],"wp:attachment":[{"href":"https:\/\/www.bau-styl.hu\/epitoanyag\/wp-json\/wp\/v2\/media?parent=47117"}],"wp:term":[{"taxonomy":"product_brand","embeddable":true,"href":"https:\/\/www.bau-styl.hu\/epitoanyag\/wp-json\/wp\/v2\/product_brand?post=47117"},{"taxonomy":"product_cat","embeddable":true,"href":"https:\/\/www.bau-styl.hu\/epitoanyag\/wp-json\/wp\/v2\/product_cat?post=47117"},{"taxonomy":"product_tag","embeddable":true,"href":"https:\/\/www.bau-styl.hu\/epitoanyag\/wp-json\/wp\/v2\/product_tag?post=47117"}],"curies":[{"name":"wp","href":"https:\/\/api.w.org\/{rel}","templated":true}]}}