{"id":47120,"date":"2026-03-16T13:36:34","date_gmt":"2026-03-16T11:36:34","guid":{"rendered":"https:\/\/www.bau-styl.hu\/epitoanyag\/?post_type=product&#038;p=47120"},"modified":"2026-03-16T14:51:06","modified_gmt":"2026-03-16T12:51:06","slug":"geberit-keramag-kolo-idol-wc-uloke-kemeny-termoplaszt-muanyag-zsanerral","status":"publish","type":"product","link":"https:\/\/www.bau-styl.hu\/epitoanyag\/termek\/geberit-keramag-kolo-idol-wc-uloke-kemeny-termoplaszt-muanyag-zsanerral\/","title":{"rendered":"Geberit Keramag Kolo Idol WC \u00fcl\u0151ke kem\u00e9ny, termoplaszt, m\u0171anyag zsan\u00e9rral"},"content":{"rendered":"","protected":false},"excerpt":{"rendered":"","protected":false},"featured_media":46931,"template":"","meta":[],"product_brand":[10582],"product_cat":[10810],"product_tag":[],"class_list":{"0":"post-47120","1":"product","2":"type-product","3":"status-publish","4":"has-post-thumbnail","6":"product_brand-geberit","7":"product_cat-furdoszoba-szaniter","9":"first","10":"instock","11":"taxable","12":"shipping-taxable","13":"purchasable","14":"product-type-simple"},"aioseo_notices":[],"_links":{"self":[{"href":"https:\/\/www.bau-styl.hu\/epitoanyag\/wp-json\/wp\/v2\/product\/47120","targetHints":{"allow":["GET"]}}],"collection":[{"href":"https:\/\/www.bau-styl.hu\/epitoanyag\/wp-json\/wp\/v2\/product"}],"about":[{"href":"https:\/\/www.bau-styl.hu\/epitoanyag\/wp-json\/wp\/v2\/types\/product"}],"wp:featuredmedia":[{"embeddable":true,"href":"https:\/\/www.bau-styl.hu\/epitoanyag\/wp-json\/wp\/v2\/media\/46931"}],"wp:attachment":[{"href":"https:\/\/www.bau-styl.hu\/epitoanyag\/wp-json\/wp\/v2\/media?parent=47120"}],"wp:term":[{"taxonomy":"product_brand","embeddable":true,"href":"https:\/\/www.bau-styl.hu\/epitoanyag\/wp-json\/wp\/v2\/product_brand?post=47120"},{"taxonomy":"product_cat","embeddable":true,"href":"https:\/\/www.bau-styl.hu\/epitoanyag\/wp-json\/wp\/v2\/product_cat?post=47120"},{"taxonomy":"product_tag","embeddable":true,"href":"https:\/\/www.bau-styl.hu\/epitoanyag\/wp-json\/wp\/v2\/product_tag?post=47120"}],"curies":[{"name":"wp","href":"https:\/\/api.w.org\/{rel}","templated":true}]}}