{"id":47129,"date":"2026-03-16T13:36:36","date_gmt":"2026-03-16T11:36:36","guid":{"rendered":"https:\/\/www.bau-styl.hu\/epitoanyag\/?post_type=product&#038;p=47129"},"modified":"2026-03-16T14:51:05","modified_gmt":"2026-03-16T12:51:05","slug":"geberit-selnova-square-falon-kivuli-oblitotartaly-monoblokk-2-mennyiseges-368x386-x16-cm","status":"publish","type":"product","link":"https:\/\/www.bau-styl.hu\/epitoanyag\/termek\/geberit-selnova-square-falon-kivuli-oblitotartaly-monoblokk-2-mennyiseges-368x386-x16-cm\/","title":{"rendered":"Geberit Selnova Square Falon k\u00edv\u00fcli \u00f6bl\u00edt\u0151tart\u00e1ly, monoblokk, 2 mennyis\u00e9ges, 36,8&#215;38,6 x16 cm"},"content":{"rendered":"","protected":false},"excerpt":{"rendered":"","protected":false},"featured_media":47014,"template":"","meta":[],"product_brand":[10582],"product_cat":[10810],"product_tag":[],"class_list":{"0":"post-47129","1":"product","2":"type-product","3":"status-publish","4":"has-post-thumbnail","6":"product_brand-geberit","7":"product_cat-furdoszoba-szaniter","9":"first","10":"instock","11":"taxable","12":"shipping-taxable","13":"purchasable","14":"product-type-simple"},"aioseo_notices":[],"_links":{"self":[{"href":"https:\/\/www.bau-styl.hu\/epitoanyag\/wp-json\/wp\/v2\/product\/47129","targetHints":{"allow":["GET"]}}],"collection":[{"href":"https:\/\/www.bau-styl.hu\/epitoanyag\/wp-json\/wp\/v2\/product"}],"about":[{"href":"https:\/\/www.bau-styl.hu\/epitoanyag\/wp-json\/wp\/v2\/types\/product"}],"wp:featuredmedia":[{"embeddable":true,"href":"https:\/\/www.bau-styl.hu\/epitoanyag\/wp-json\/wp\/v2\/media\/47014"}],"wp:attachment":[{"href":"https:\/\/www.bau-styl.hu\/epitoanyag\/wp-json\/wp\/v2\/media?parent=47129"}],"wp:term":[{"taxonomy":"product_brand","embeddable":true,"href":"https:\/\/www.bau-styl.hu\/epitoanyag\/wp-json\/wp\/v2\/product_brand?post=47129"},{"taxonomy":"product_cat","embeddable":true,"href":"https:\/\/www.bau-styl.hu\/epitoanyag\/wp-json\/wp\/v2\/product_cat?post=47129"},{"taxonomy":"product_tag","embeddable":true,"href":"https:\/\/www.bau-styl.hu\/epitoanyag\/wp-json\/wp\/v2\/product_tag?post=47129"}],"curies":[{"name":"wp","href":"https:\/\/api.w.org\/{rel}","templated":true}]}}