{"id":47139,"date":"2026-03-16T13:36:38","date_gmt":"2026-03-16T11:36:38","guid":{"rendered":"https:\/\/www.bau-styl.hu\/epitoanyag\/?post_type=product&#038;p=47139"},"modified":"2026-03-16T15:56:29","modified_gmt":"2026-03-16T13:56:29","slug":"geberit-zuhanytalca-lefolyo-d90-vizzar-magassaga-50-mm-d50mm-pe-hd-magasfenyu-kromozott-szele","status":"publish","type":"product","link":"https:\/\/www.bau-styl.hu\/epitoanyag\/termek\/geberit-zuhanytalca-lefolyo-d90-vizzar-magassaga-50-mm-d50mm-pe-hd-magasfenyu-kromozott-szele\/","title":{"rendered":"Geberit Zuhanyt\u00e1lca lefoly\u00f3 d90, v\u00edzz\u00e1r magass\u00e1ga 50 mm, d50mm, PE-HD, magasf\u00e9ny\u0171 kr\u00f3mozott szele"},"content":{"rendered":"","protected":false},"excerpt":{"rendered":"","protected":false},"featured_media":46994,"template":"","meta":[],"product_brand":[10582],"product_cat":[10806],"product_tag":[],"class_list":{"0":"post-47139","1":"product","2":"type-product","3":"status-publish","4":"has-post-thumbnail","6":"product_brand-geberit","7":"product_cat-zuhany","9":"first","10":"instock","11":"taxable","12":"shipping-taxable","13":"purchasable","14":"product-type-simple"},"aioseo_notices":[],"_links":{"self":[{"href":"https:\/\/www.bau-styl.hu\/epitoanyag\/wp-json\/wp\/v2\/product\/47139","targetHints":{"allow":["GET"]}}],"collection":[{"href":"https:\/\/www.bau-styl.hu\/epitoanyag\/wp-json\/wp\/v2\/product"}],"about":[{"href":"https:\/\/www.bau-styl.hu\/epitoanyag\/wp-json\/wp\/v2\/types\/product"}],"wp:featuredmedia":[{"embeddable":true,"href":"https:\/\/www.bau-styl.hu\/epitoanyag\/wp-json\/wp\/v2\/media\/46994"}],"wp:attachment":[{"href":"https:\/\/www.bau-styl.hu\/epitoanyag\/wp-json\/wp\/v2\/media?parent=47139"}],"wp:term":[{"taxonomy":"product_brand","embeddable":true,"href":"https:\/\/www.bau-styl.hu\/epitoanyag\/wp-json\/wp\/v2\/product_brand?post=47139"},{"taxonomy":"product_cat","embeddable":true,"href":"https:\/\/www.bau-styl.hu\/epitoanyag\/wp-json\/wp\/v2\/product_cat?post=47139"},{"taxonomy":"product_tag","embeddable":true,"href":"https:\/\/www.bau-styl.hu\/epitoanyag\/wp-json\/wp\/v2\/product_tag?post=47139"}],"curies":[{"name":"wp","href":"https:\/\/api.w.org\/{rel}","templated":true}]}}