{"id":47141,"date":"2026-03-16T13:36:39","date_gmt":"2026-03-16T11:36:39","guid":{"rendered":"https:\/\/www.bau-styl.hu\/epitoanyag\/?post_type=product&#038;p=47141"},"modified":"2026-03-16T15:55:07","modified_gmt":"2026-03-16T13:55:07","slug":"gedy-ninfea-rendszerezo-talca-furdoszobai-kiegeszitokhoz","status":"publish","type":"product","link":"https:\/\/www.bau-styl.hu\/epitoanyag\/termek\/gedy-ninfea-rendszerezo-talca-furdoszobai-kiegeszitokhoz\/","title":{"rendered":"Gedy Ninfea rendszerez\u0151 t\u00e1lca f\u00fcrd\u0151szobai kieg\u00e9sz\u00edt\u0151kh\u00f6z"},"content":{"rendered":"","protected":false},"excerpt":{"rendered":"","protected":false},"featured_media":46711,"template":"","meta":[],"product_brand":[10530],"product_cat":[10809],"product_tag":[],"class_list":{"0":"post-47141","1":"product","2":"type-product","3":"status-publish","4":"has-post-thumbnail","6":"product_brand-gedy","7":"product_cat-furdoszobai-kiegeszito","9":"first","10":"instock","11":"taxable","12":"shipping-taxable","13":"purchasable","14":"product-type-simple"},"aioseo_notices":[],"_links":{"self":[{"href":"https:\/\/www.bau-styl.hu\/epitoanyag\/wp-json\/wp\/v2\/product\/47141","targetHints":{"allow":["GET"]}}],"collection":[{"href":"https:\/\/www.bau-styl.hu\/epitoanyag\/wp-json\/wp\/v2\/product"}],"about":[{"href":"https:\/\/www.bau-styl.hu\/epitoanyag\/wp-json\/wp\/v2\/types\/product"}],"wp:featuredmedia":[{"embeddable":true,"href":"https:\/\/www.bau-styl.hu\/epitoanyag\/wp-json\/wp\/v2\/media\/46711"}],"wp:attachment":[{"href":"https:\/\/www.bau-styl.hu\/epitoanyag\/wp-json\/wp\/v2\/media?parent=47141"}],"wp:term":[{"taxonomy":"product_brand","embeddable":true,"href":"https:\/\/www.bau-styl.hu\/epitoanyag\/wp-json\/wp\/v2\/product_brand?post=47141"},{"taxonomy":"product_cat","embeddable":true,"href":"https:\/\/www.bau-styl.hu\/epitoanyag\/wp-json\/wp\/v2\/product_cat?post=47141"},{"taxonomy":"product_tag","embeddable":true,"href":"https:\/\/www.bau-styl.hu\/epitoanyag\/wp-json\/wp\/v2\/product_tag?post=47141"}],"curies":[{"name":"wp","href":"https:\/\/api.w.org\/{rel}","templated":true}]}}