{"id":47181,"date":"2026-03-16T13:36:48","date_gmt":"2026-03-16T11:36:48","guid":{"rendered":"https:\/\/www.bau-styl.hu\/epitoanyag\/?post_type=product&#038;p=47181"},"modified":"2026-03-16T15:44:52","modified_gmt":"2026-03-16T13:44:52","slug":"huppe-8p1901087322-design-pure-kadparavan-1-reszes","status":"publish","type":"product","link":"https:\/\/www.bau-styl.hu\/epitoanyag\/termek\/huppe-8p1901087322-design-pure-kadparavan-1-reszes\/","title":{"rendered":"H\u00fcppe 8P1901087322 Design Pure K\u00e1dparav\u00e1n 1 r\u00e9szes"},"content":{"rendered":"","protected":false},"excerpt":{"rendered":"","protected":false},"featured_media":46944,"template":"","meta":[],"product_brand":[10892],"product_cat":[10811],"product_tag":[],"class_list":{"0":"post-47181","1":"product","2":"type-product","3":"status-publish","4":"has-post-thumbnail","6":"product_brand-huppe","7":"product_cat-kad-kadparavan","9":"first","10":"instock","11":"taxable","12":"shipping-taxable","13":"purchasable","14":"product-type-simple"},"aioseo_notices":[],"_links":{"self":[{"href":"https:\/\/www.bau-styl.hu\/epitoanyag\/wp-json\/wp\/v2\/product\/47181","targetHints":{"allow":["GET"]}}],"collection":[{"href":"https:\/\/www.bau-styl.hu\/epitoanyag\/wp-json\/wp\/v2\/product"}],"about":[{"href":"https:\/\/www.bau-styl.hu\/epitoanyag\/wp-json\/wp\/v2\/types\/product"}],"wp:featuredmedia":[{"embeddable":true,"href":"https:\/\/www.bau-styl.hu\/epitoanyag\/wp-json\/wp\/v2\/media\/46944"}],"wp:attachment":[{"href":"https:\/\/www.bau-styl.hu\/epitoanyag\/wp-json\/wp\/v2\/media?parent=47181"}],"wp:term":[{"taxonomy":"product_brand","embeddable":true,"href":"https:\/\/www.bau-styl.hu\/epitoanyag\/wp-json\/wp\/v2\/product_brand?post=47181"},{"taxonomy":"product_cat","embeddable":true,"href":"https:\/\/www.bau-styl.hu\/epitoanyag\/wp-json\/wp\/v2\/product_cat?post=47181"},{"taxonomy":"product_tag","embeddable":true,"href":"https:\/\/www.bau-styl.hu\/epitoanyag\/wp-json\/wp\/v2\/product_tag?post=47181"}],"curies":[{"name":"wp","href":"https:\/\/api.w.org\/{rel}","templated":true}]}}