{"id":47201,"date":"2026-03-16T13:36:52","date_gmt":"2026-03-16T11:36:52","guid":{"rendered":"https:\/\/www.bau-styl.hu\/epitoanyag\/?post_type=product&#038;p=47201"},"modified":"2026-03-16T15:44:51","modified_gmt":"2026-03-16T13:44:51","slug":"keramag-kolo-nova-pro-monoblokkos-wc-csesze-3-6-l-hatso-kifolyasu-melyoblitesu-oblitoperem-nel","status":"publish","type":"product","link":"https:\/\/www.bau-styl.hu\/epitoanyag\/termek\/keramag-kolo-nova-pro-monoblokkos-wc-csesze-3-6-l-hatso-kifolyasu-melyoblitesu-oblitoperem-nel\/","title":{"rendered":"Keramag KOLO Nova Pro Monoblokkos WC cs\u00e9sze 3\/6 l, h\u00e1ts\u00f3 kifoly\u00e1s\u00fa, m\u00e9ly\u00f6bl\u00edt\u00e9s\u0171, \u00f6bl\u00edt\u0151perem n\u00e9l"},"content":{"rendered":"","protected":false},"excerpt":{"rendered":"","protected":false},"featured_media":46939,"template":"","meta":[],"product_brand":[10908],"product_cat":[10810],"product_tag":[],"class_list":{"0":"post-47201","1":"product","2":"type-product","3":"status-publish","4":"has-post-thumbnail","6":"product_brand-keramag","7":"product_cat-furdoszoba-szaniter","9":"first","10":"instock","11":"taxable","12":"shipping-taxable","13":"purchasable","14":"product-type-simple"},"aioseo_notices":[],"_links":{"self":[{"href":"https:\/\/www.bau-styl.hu\/epitoanyag\/wp-json\/wp\/v2\/product\/47201","targetHints":{"allow":["GET"]}}],"collection":[{"href":"https:\/\/www.bau-styl.hu\/epitoanyag\/wp-json\/wp\/v2\/product"}],"about":[{"href":"https:\/\/www.bau-styl.hu\/epitoanyag\/wp-json\/wp\/v2\/types\/product"}],"wp:featuredmedia":[{"embeddable":true,"href":"https:\/\/www.bau-styl.hu\/epitoanyag\/wp-json\/wp\/v2\/media\/46939"}],"wp:attachment":[{"href":"https:\/\/www.bau-styl.hu\/epitoanyag\/wp-json\/wp\/v2\/media?parent=47201"}],"wp:term":[{"taxonomy":"product_brand","embeddable":true,"href":"https:\/\/www.bau-styl.hu\/epitoanyag\/wp-json\/wp\/v2\/product_brand?post=47201"},{"taxonomy":"product_cat","embeddable":true,"href":"https:\/\/www.bau-styl.hu\/epitoanyag\/wp-json\/wp\/v2\/product_cat?post=47201"},{"taxonomy":"product_tag","embeddable":true,"href":"https:\/\/www.bau-styl.hu\/epitoanyag\/wp-json\/wp\/v2\/product_tag?post=47201"}],"curies":[{"name":"wp","href":"https:\/\/api.w.org\/{rel}","templated":true}]}}