{"id":47232,"date":"2026-03-16T13:36:59","date_gmt":"2026-03-16T11:36:59","guid":{"rendered":"https:\/\/www.bau-styl.hu\/epitoanyag\/?post_type=product&#038;p=47232"},"modified":"2026-03-17T08:06:14","modified_gmt":"2026-03-17T06:06:14","slug":"laufen-h4535111753001-petit-alsoszekreny-40-x-23-cm-es-mosdoval-csaplyukkal-a-jobb-oldalon-1-me","status":"publish","type":"product","link":"https:\/\/www.bau-styl.hu\/epitoanyag\/termek\/laufen-h4535111753001-petit-alsoszekreny-40-x-23-cm-es-mosdoval-csaplyukkal-a-jobb-oldalon-1-me\/","title":{"rendered":"Laufen H4535111753001 Petit Als\u00f3szekr\u00e9ny 40 x 23 cm-es mosd\u00f3val, csaplyukkal a jobb oldalon, 1 me"},"content":{"rendered":"","protected":false},"excerpt":{"rendered":"","protected":false},"featured_media":46894,"template":"","meta":[],"product_brand":[10643],"product_cat":[10808],"product_tag":[],"class_list":{"0":"post-47232","1":"product","2":"type-product","3":"status-publish","4":"has-post-thumbnail","6":"product_brand-laufen","7":"product_cat-furdoszoba-butor-tukor","9":"first","10":"instock","11":"taxable","12":"shipping-taxable","13":"purchasable","14":"product-type-simple"},"aioseo_notices":[],"_links":{"self":[{"href":"https:\/\/www.bau-styl.hu\/epitoanyag\/wp-json\/wp\/v2\/product\/47232","targetHints":{"allow":["GET"]}}],"collection":[{"href":"https:\/\/www.bau-styl.hu\/epitoanyag\/wp-json\/wp\/v2\/product"}],"about":[{"href":"https:\/\/www.bau-styl.hu\/epitoanyag\/wp-json\/wp\/v2\/types\/product"}],"wp:featuredmedia":[{"embeddable":true,"href":"https:\/\/www.bau-styl.hu\/epitoanyag\/wp-json\/wp\/v2\/media\/46894"}],"wp:attachment":[{"href":"https:\/\/www.bau-styl.hu\/epitoanyag\/wp-json\/wp\/v2\/media?parent=47232"}],"wp:term":[{"taxonomy":"product_brand","embeddable":true,"href":"https:\/\/www.bau-styl.hu\/epitoanyag\/wp-json\/wp\/v2\/product_brand?post=47232"},{"taxonomy":"product_cat","embeddable":true,"href":"https:\/\/www.bau-styl.hu\/epitoanyag\/wp-json\/wp\/v2\/product_cat?post=47232"},{"taxonomy":"product_tag","embeddable":true,"href":"https:\/\/www.bau-styl.hu\/epitoanyag\/wp-json\/wp\/v2\/product_tag?post=47232"}],"curies":[{"name":"wp","href":"https:\/\/api.w.org\/{rel}","templated":true}]}}