{"id":47237,"date":"2026-03-16T13:37:00","date_gmt":"2026-03-16T11:37:00","guid":{"rendered":"https:\/\/www.bau-styl.hu\/epitoanyag\/?post_type=product&#038;p=47237"},"modified":"2026-03-17T08:06:13","modified_gmt":"2026-03-17T06:06:13","slug":"laufen-h8159550001041-pro-s-kezmoso-feher-csaplyuk-bal-oldalon-48x28-cm","status":"publish","type":"product","link":"https:\/\/www.bau-styl.hu\/epitoanyag\/termek\/laufen-h8159550001041-pro-s-kezmoso-feher-csaplyuk-bal-oldalon-48x28-cm\/","title":{"rendered":"Laufen H8159550001041 Pro S K\u00e9zmos\u00f3, feh\u00e9r, csaplyuk bal oldalon, 48&#215;28 cm"},"content":{"rendered":"","protected":false},"excerpt":{"rendered":"","protected":false},"featured_media":46927,"template":"","meta":[],"product_brand":[10643],"product_cat":[10810],"product_tag":[],"class_list":{"0":"post-47237","1":"product","2":"type-product","3":"status-publish","4":"has-post-thumbnail","6":"product_brand-laufen","7":"product_cat-furdoszoba-szaniter","9":"first","10":"instock","11":"taxable","12":"shipping-taxable","13":"purchasable","14":"product-type-simple"},"aioseo_notices":[],"_links":{"self":[{"href":"https:\/\/www.bau-styl.hu\/epitoanyag\/wp-json\/wp\/v2\/product\/47237","targetHints":{"allow":["GET"]}}],"collection":[{"href":"https:\/\/www.bau-styl.hu\/epitoanyag\/wp-json\/wp\/v2\/product"}],"about":[{"href":"https:\/\/www.bau-styl.hu\/epitoanyag\/wp-json\/wp\/v2\/types\/product"}],"wp:featuredmedia":[{"embeddable":true,"href":"https:\/\/www.bau-styl.hu\/epitoanyag\/wp-json\/wp\/v2\/media\/46927"}],"wp:attachment":[{"href":"https:\/\/www.bau-styl.hu\/epitoanyag\/wp-json\/wp\/v2\/media?parent=47237"}],"wp:term":[{"taxonomy":"product_brand","embeddable":true,"href":"https:\/\/www.bau-styl.hu\/epitoanyag\/wp-json\/wp\/v2\/product_brand?post=47237"},{"taxonomy":"product_cat","embeddable":true,"href":"https:\/\/www.bau-styl.hu\/epitoanyag\/wp-json\/wp\/v2\/product_cat?post=47237"},{"taxonomy":"product_tag","embeddable":true,"href":"https:\/\/www.bau-styl.hu\/epitoanyag\/wp-json\/wp\/v2\/product_tag?post=47237"}],"curies":[{"name":"wp","href":"https:\/\/api.w.org\/{rel}","templated":true}]}}