{"id":47245,"date":"2026-03-16T13:37:02","date_gmt":"2026-03-16T11:37:02","guid":{"rendered":"https:\/\/www.bau-styl.hu\/epitoanyag\/?post_type=product&#038;p=47245"},"modified":"2026-03-17T08:06:13","modified_gmt":"2026-03-17T06:06:13","slug":"laufen-h8203410000001-sonar-melyoblitesu-perem-nelkuli-fali-wc-feher","status":"publish","type":"product","link":"https:\/\/www.bau-styl.hu\/epitoanyag\/termek\/laufen-h8203410000001-sonar-melyoblitesu-perem-nelkuli-fali-wc-feher\/","title":{"rendered":"Laufen H8203410000001 Sonar m\u00e9ly\u00f6bl\u00edt\u00e9s\u0171, perem n\u00e9lk\u00fcli fali wc, feh\u00e9r"},"content":{"rendered":"","protected":false},"excerpt":{"rendered":"","protected":false},"featured_media":47027,"template":"","meta":[],"product_brand":[10643],"product_cat":[10810],"product_tag":[],"class_list":{"0":"post-47245","1":"product","2":"type-product","3":"status-publish","4":"has-post-thumbnail","6":"product_brand-laufen","7":"product_cat-furdoszoba-szaniter","9":"first","10":"instock","11":"taxable","12":"shipping-taxable","13":"purchasable","14":"product-type-simple"},"aioseo_notices":[],"_links":{"self":[{"href":"https:\/\/www.bau-styl.hu\/epitoanyag\/wp-json\/wp\/v2\/product\/47245","targetHints":{"allow":["GET"]}}],"collection":[{"href":"https:\/\/www.bau-styl.hu\/epitoanyag\/wp-json\/wp\/v2\/product"}],"about":[{"href":"https:\/\/www.bau-styl.hu\/epitoanyag\/wp-json\/wp\/v2\/types\/product"}],"wp:featuredmedia":[{"embeddable":true,"href":"https:\/\/www.bau-styl.hu\/epitoanyag\/wp-json\/wp\/v2\/media\/47027"}],"wp:attachment":[{"href":"https:\/\/www.bau-styl.hu\/epitoanyag\/wp-json\/wp\/v2\/media?parent=47245"}],"wp:term":[{"taxonomy":"product_brand","embeddable":true,"href":"https:\/\/www.bau-styl.hu\/epitoanyag\/wp-json\/wp\/v2\/product_brand?post=47245"},{"taxonomy":"product_cat","embeddable":true,"href":"https:\/\/www.bau-styl.hu\/epitoanyag\/wp-json\/wp\/v2\/product_cat?post=47245"},{"taxonomy":"product_tag","embeddable":true,"href":"https:\/\/www.bau-styl.hu\/epitoanyag\/wp-json\/wp\/v2\/product_tag?post=47245"}],"curies":[{"name":"wp","href":"https:\/\/api.w.org\/{rel}","templated":true}]}}