{"id":47291,"date":"2026-03-16T13:37:12","date_gmt":"2026-03-16T11:37:12","guid":{"rendered":"https:\/\/www.bau-styl.hu\/epitoanyag\/?post_type=product&#038;p=47291"},"modified":"2026-03-17T08:06:10","modified_gmt":"2026-03-17T06:06:10","slug":"markamix-salag-stratus-aluminium-lepcsoprofil-25x10-273-m-ontapados-eloxalt-ezust","status":"publish","type":"product","link":"https:\/\/www.bau-styl.hu\/epitoanyag\/termek\/markamix-salag-stratus-aluminium-lepcsoprofil-25x10-273-m-ontapados-eloxalt-ezust\/","title":{"rendered":"M\u00e1rkamix SALAG STRATUS alum\u00ednium l\u00e9pcs\u0151profil 25&#215;10\/2,73 m \u00f6ntapad\u00f3s elox\u00e1lt ez\u00fcst"},"content":{"rendered":"","protected":false},"excerpt":{"rendered":"","protected":false},"featured_media":46873,"template":"","meta":[],"product_brand":[10942],"product_cat":[10813],"product_tag":[],"class_list":{"0":"post-47291","1":"product","2":"type-product","3":"status-publish","4":"has-post-thumbnail","6":"product_brand-markamix","7":"product_cat-profilok","9":"first","10":"instock","11":"taxable","12":"shipping-taxable","13":"purchasable","14":"product-type-simple"},"aioseo_notices":[],"_links":{"self":[{"href":"https:\/\/www.bau-styl.hu\/epitoanyag\/wp-json\/wp\/v2\/product\/47291","targetHints":{"allow":["GET"]}}],"collection":[{"href":"https:\/\/www.bau-styl.hu\/epitoanyag\/wp-json\/wp\/v2\/product"}],"about":[{"href":"https:\/\/www.bau-styl.hu\/epitoanyag\/wp-json\/wp\/v2\/types\/product"}],"wp:featuredmedia":[{"embeddable":true,"href":"https:\/\/www.bau-styl.hu\/epitoanyag\/wp-json\/wp\/v2\/media\/46873"}],"wp:attachment":[{"href":"https:\/\/www.bau-styl.hu\/epitoanyag\/wp-json\/wp\/v2\/media?parent=47291"}],"wp:term":[{"taxonomy":"product_brand","embeddable":true,"href":"https:\/\/www.bau-styl.hu\/epitoanyag\/wp-json\/wp\/v2\/product_brand?post=47291"},{"taxonomy":"product_cat","embeddable":true,"href":"https:\/\/www.bau-styl.hu\/epitoanyag\/wp-json\/wp\/v2\/product_cat?post=47291"},{"taxonomy":"product_tag","embeddable":true,"href":"https:\/\/www.bau-styl.hu\/epitoanyag\/wp-json\/wp\/v2\/product_tag?post=47291"}],"curies":[{"name":"wp","href":"https:\/\/api.w.org\/{rel}","templated":true}]}}