{"id":47296,"date":"2026-03-16T13:37:13","date_gmt":"2026-03-16T11:37:13","guid":{"rendered":"https:\/\/www.bau-styl.hu\/epitoanyag\/?post_type=product&#038;p=47296"},"modified":"2026-03-17T08:06:10","modified_gmt":"2026-03-17T06:06:10","slug":"marmorin-moira-bis-egy-medences-pultba-sully-butorra-teheto-mosdo-120x50x145","status":"publish","type":"product","link":"https:\/\/www.bau-styl.hu\/epitoanyag\/termek\/marmorin-moira-bis-egy-medences-pultba-sully-butorra-teheto-mosdo-120x50x145\/","title":{"rendered":"Marmorin Moira Bis egy medenc\u00e9s, pultba s\u00fclly., b\u00fatorra tehet\u0151 mosd\u00f3, 120x50x14,5"},"content":{"rendered":"","protected":false},"excerpt":{"rendered":"","protected":false},"featured_media":46720,"template":"","meta":[],"product_brand":[10521],"product_cat":[10810],"product_tag":[],"class_list":{"0":"post-47296","1":"product","2":"type-product","3":"status-publish","4":"has-post-thumbnail","6":"product_brand-marmorin","7":"product_cat-furdoszoba-szaniter","9":"first","10":"instock","11":"taxable","12":"shipping-taxable","13":"purchasable","14":"product-type-simple"},"aioseo_notices":[],"_links":{"self":[{"href":"https:\/\/www.bau-styl.hu\/epitoanyag\/wp-json\/wp\/v2\/product\/47296","targetHints":{"allow":["GET"]}}],"collection":[{"href":"https:\/\/www.bau-styl.hu\/epitoanyag\/wp-json\/wp\/v2\/product"}],"about":[{"href":"https:\/\/www.bau-styl.hu\/epitoanyag\/wp-json\/wp\/v2\/types\/product"}],"wp:featuredmedia":[{"embeddable":true,"href":"https:\/\/www.bau-styl.hu\/epitoanyag\/wp-json\/wp\/v2\/media\/46720"}],"wp:attachment":[{"href":"https:\/\/www.bau-styl.hu\/epitoanyag\/wp-json\/wp\/v2\/media?parent=47296"}],"wp:term":[{"taxonomy":"product_brand","embeddable":true,"href":"https:\/\/www.bau-styl.hu\/epitoanyag\/wp-json\/wp\/v2\/product_brand?post=47296"},{"taxonomy":"product_cat","embeddable":true,"href":"https:\/\/www.bau-styl.hu\/epitoanyag\/wp-json\/wp\/v2\/product_cat?post=47296"},{"taxonomy":"product_tag","embeddable":true,"href":"https:\/\/www.bau-styl.hu\/epitoanyag\/wp-json\/wp\/v2\/product_tag?post=47296"}],"curies":[{"name":"wp","href":"https:\/\/api.w.org\/{rel}","templated":true}]}}