{"id":4731,"date":"2023-02-20T15:06:57","date_gmt":"2023-02-20T13:06:57","guid":{"rendered":"https:\/\/www.bau-styl.hu\/epitoanyag\/termek\/creaton-domino-alapcserep-nuance-palaszurke-eng\/"},"modified":"2025-10-21T12:45:37","modified_gmt":"2025-10-21T10:45:37","slug":"creaton-domino-alapcserep-nuance-palaszurke-engobozott","status":"publish","type":"product","link":"https:\/\/www.bau-styl.hu\/epitoanyag\/termek\/creaton-domino-alapcserep-nuance-palaszurke-engobozott\/","title":{"rendered":"Creaton Domino Alapcser\u00e9p Nuance palasz\u00fcrke eng\u00f3bozott"},"content":{"rendered":"<div class='avia-iframe-wrap'><iframe loading=\"lazy\" title=\"Creaton tet\u0151cserepek a Bau-Styl Kft k\u00edn\u00e1lat\u00e1ban\" width=\"1500\" height=\"844\" src=\"https:\/\/www.youtube.com\/embed\/k9WtBBTFvAM?feature=oembed&#038;enablejsapi=1&#038;origin=https:\/\/www.bau-styl.hu\" frameborder=\"0\" allow=\"accelerometer; autoplay; clipboard-write; encrypted-media; gyroscope; picture-in-picture; web-share\" allowfullscreen><\/iframe><\/div>\n","protected":false},"excerpt":{"rendered":"<p>Egy val\u00f3di ker\u00e1mia cser\u00e9p egyed\u00fcl\u00e1ll\u00f3 el\u0151nyeinek a mai modern diz\u00e1jn elk\u00e9pzel\u00e9seivel t\u00f6rt\u00e9n\u0151 rendk\u00edv\u00fcl j\u00f3l siker\u00fclt mark\u00e1ns megjelen\u00e9s\u00e9t. A l\u00e9pcs\u0151form\u00e1j\u00fa \u00e1tfed\u00e9sek megb\u00edzhat\u00f3 v\u00e9delmet ny\u00fajtanak a v\u00edz \u00e9s a szem\u00e9t behull\u00e1sa ellen. Az alapcser\u00e9p mell\u00e9 opcion\u00e1lis term\u00e9kek, idomcserepek (szell\u0151z\u0151cser\u00e9p, hornyolt gerinccser\u00e9p, sajtolt gerinccser\u00e9p, hornyolt kezd\u0151 gerinccser\u00e9p, sajtolt kezd\u0151 gerinccser\u00e9p, hornyolt h\u00e1rmas gerinceloszt\u00f3 elem, sajtolt XXL gerinccser\u00e9p, sajtolt h\u00e1rmas gerinceloszt\u00f3 elem, szeg\u00e9lycser\u00e9p) k\u00f6z\u00fcl v\u00e1laszthat, amelyek \u00e1rair\u00f3l az aj\u00e1nlatk\u00e9r\u00e9s lead\u00e1s\u00e1t k\u00f6vet\u0151en munkat\u00e1rsunk emailben t\u00e1j\u00e9koztatja \u00d6nt.<\/p>\n","protected":false},"featured_media":2776,"template":"","meta":[],"product_brand":[],"product_cat":[355,6656,6668],"product_tag":[],"class_list":{"0":"post-4731","1":"product","2":"type-product","3":"status-publish","4":"has-post-thumbnail","6":"product_cat-tetofedes","7":"product_cat-keramia-cserep","8":"product_cat-creaton-keramia-alapcserep","10":"first","11":"instock","12":"taxable","13":"shipping-taxable","14":"purchasable","15":"product-type-simple"},"aioseo_notices":[],"_links":{"self":[{"href":"https:\/\/www.bau-styl.hu\/epitoanyag\/wp-json\/wp\/v2\/product\/4731","targetHints":{"allow":["GET"]}}],"collection":[{"href":"https:\/\/www.bau-styl.hu\/epitoanyag\/wp-json\/wp\/v2\/product"}],"about":[{"href":"https:\/\/www.bau-styl.hu\/epitoanyag\/wp-json\/wp\/v2\/types\/product"}],"wp:featuredmedia":[{"embeddable":true,"href":"https:\/\/www.bau-styl.hu\/epitoanyag\/wp-json\/wp\/v2\/media\/2776"}],"wp:attachment":[{"href":"https:\/\/www.bau-styl.hu\/epitoanyag\/wp-json\/wp\/v2\/media?parent=4731"}],"wp:term":[{"taxonomy":"product_brand","embeddable":true,"href":"https:\/\/www.bau-styl.hu\/epitoanyag\/wp-json\/wp\/v2\/product_brand?post=4731"},{"taxonomy":"product_cat","embeddable":true,"href":"https:\/\/www.bau-styl.hu\/epitoanyag\/wp-json\/wp\/v2\/product_cat?post=4731"},{"taxonomy":"product_tag","embeddable":true,"href":"https:\/\/www.bau-styl.hu\/epitoanyag\/wp-json\/wp\/v2\/product_tag?post=4731"}],"curies":[{"name":"wp","href":"https:\/\/api.w.org\/{rel}","templated":true}]}}