{"id":47313,"date":"2026-03-16T13:37:17","date_gmt":"2026-03-16T11:37:17","guid":{"rendered":"https:\/\/www.bau-styl.hu\/epitoanyag\/?post_type=product&#038;p=47313"},"modified":"2026-03-17T10:28:36","modified_gmt":"2026-03-17T08:28:36","slug":"meta-radaway-eos-kdd-b-90-szogletes-lengoajtos-zuhanykabin-intimo-uveg-6-mm-90x90x197-cm","status":"publish","type":"product","link":"https:\/\/www.bau-styl.hu\/epitoanyag\/termek\/meta-radaway-eos-kdd-b-90-szogletes-lengoajtos-zuhanykabin-intimo-uveg-6-mm-90x90x197-cm\/","title":{"rendered":"M\u00e9ta Radaway EOS KDD-B 90 Sz\u00f6gletes leng\u0151ajt\u00f3s zuhanykabin, intimo \u00fcveg 6 mm 90x90x197 cm"},"content":{"rendered":"","protected":false},"excerpt":{"rendered":"","protected":false},"featured_media":46812,"template":"","meta":[],"product_brand":[10518],"product_cat":[10806],"product_tag":[],"class_list":{"0":"post-47313","1":"product","2":"type-product","3":"status-publish","4":"has-post-thumbnail","6":"product_brand-radaway","7":"product_cat-zuhany","9":"first","10":"instock","11":"taxable","12":"shipping-taxable","13":"purchasable","14":"product-type-simple"},"aioseo_notices":[],"_links":{"self":[{"href":"https:\/\/www.bau-styl.hu\/epitoanyag\/wp-json\/wp\/v2\/product\/47313","targetHints":{"allow":["GET"]}}],"collection":[{"href":"https:\/\/www.bau-styl.hu\/epitoanyag\/wp-json\/wp\/v2\/product"}],"about":[{"href":"https:\/\/www.bau-styl.hu\/epitoanyag\/wp-json\/wp\/v2\/types\/product"}],"wp:featuredmedia":[{"embeddable":true,"href":"https:\/\/www.bau-styl.hu\/epitoanyag\/wp-json\/wp\/v2\/media\/46812"}],"wp:attachment":[{"href":"https:\/\/www.bau-styl.hu\/epitoanyag\/wp-json\/wp\/v2\/media?parent=47313"}],"wp:term":[{"taxonomy":"product_brand","embeddable":true,"href":"https:\/\/www.bau-styl.hu\/epitoanyag\/wp-json\/wp\/v2\/product_brand?post=47313"},{"taxonomy":"product_cat","embeddable":true,"href":"https:\/\/www.bau-styl.hu\/epitoanyag\/wp-json\/wp\/v2\/product_cat?post=47313"},{"taxonomy":"product_tag","embeddable":true,"href":"https:\/\/www.bau-styl.hu\/epitoanyag\/wp-json\/wp\/v2\/product_tag?post=47313"}],"curies":[{"name":"wp","href":"https:\/\/api.w.org\/{rel}","templated":true}]}}