{"id":47324,"date":"2026-03-16T13:37:20","date_gmt":"2026-03-16T11:37:20","guid":{"rendered":"https:\/\/www.bau-styl.hu\/epitoanyag\/?post_type=product&#038;p=47324"},"modified":"2026-03-17T10:28:35","modified_gmt":"2026-03-17T08:28:35","slug":"meta-radaway-teos-f-lapos-zuhanytalca-feher-1000x900x40-mm-15256-szifonnal","status":"publish","type":"product","link":"https:\/\/www.bau-styl.hu\/epitoanyag\/termek\/meta-radaway-teos-f-lapos-zuhanytalca-feher-1000x900x40-mm-15256-szifonnal\/","title":{"rendered":"M\u00e9ta Radaway Teos F Lapos zuhanyt\u00e1lca feh\u00e9r 1000x900x40 mm (15256 szifonnal)"},"content":{"rendered":"","protected":false},"excerpt":{"rendered":"","protected":false},"featured_media":47020,"template":"","meta":[],"product_brand":[10518],"product_cat":[10806],"product_tag":[],"class_list":{"0":"post-47324","1":"product","2":"type-product","3":"status-publish","4":"has-post-thumbnail","6":"product_brand-radaway","7":"product_cat-zuhany","9":"first","10":"instock","11":"taxable","12":"shipping-taxable","13":"purchasable","14":"product-type-simple"},"aioseo_notices":[],"_links":{"self":[{"href":"https:\/\/www.bau-styl.hu\/epitoanyag\/wp-json\/wp\/v2\/product\/47324","targetHints":{"allow":["GET"]}}],"collection":[{"href":"https:\/\/www.bau-styl.hu\/epitoanyag\/wp-json\/wp\/v2\/product"}],"about":[{"href":"https:\/\/www.bau-styl.hu\/epitoanyag\/wp-json\/wp\/v2\/types\/product"}],"wp:featuredmedia":[{"embeddable":true,"href":"https:\/\/www.bau-styl.hu\/epitoanyag\/wp-json\/wp\/v2\/media\/47020"}],"wp:attachment":[{"href":"https:\/\/www.bau-styl.hu\/epitoanyag\/wp-json\/wp\/v2\/media?parent=47324"}],"wp:term":[{"taxonomy":"product_brand","embeddable":true,"href":"https:\/\/www.bau-styl.hu\/epitoanyag\/wp-json\/wp\/v2\/product_brand?post=47324"},{"taxonomy":"product_cat","embeddable":true,"href":"https:\/\/www.bau-styl.hu\/epitoanyag\/wp-json\/wp\/v2\/product_cat?post=47324"},{"taxonomy":"product_tag","embeddable":true,"href":"https:\/\/www.bau-styl.hu\/epitoanyag\/wp-json\/wp\/v2\/product_tag?post=47324"}],"curies":[{"name":"wp","href":"https:\/\/api.w.org\/{rel}","templated":true}]}}