{"id":47343,"date":"2026-03-16T13:37:26","date_gmt":"2026-03-16T11:37:26","guid":{"rendered":"https:\/\/www.bau-styl.hu\/epitoanyag\/?post_type=product&#038;p=47343"},"modified":"2026-03-17T10:28:34","modified_gmt":"2026-03-17T08:28:34","slug":"profilplusz-l-profil-eloxalt-matt-titan-aluminium-10-mm-27m-szal","status":"publish","type":"product","link":"https:\/\/www.bau-styl.hu\/epitoanyag\/termek\/profilplusz-l-profil-eloxalt-matt-titan-aluminium-10-mm-27m-szal\/","title":{"rendered":"Profilplusz L profil Elox\u00e1lt Matt Tit\u00e1n Alum\u00ednium 10 mm (2,7m\/sz\u00e1l)"},"content":{"rendered":"","protected":false},"excerpt":{"rendered":"","protected":false},"featured_media":46739,"template":"","meta":[],"product_brand":[10994],"product_cat":[10813],"product_tag":[],"class_list":{"0":"post-47343","1":"product","2":"type-product","3":"status-publish","4":"has-post-thumbnail","6":"product_brand-profilplusz","7":"product_cat-profilok","9":"first","10":"instock","11":"taxable","12":"shipping-taxable","13":"purchasable","14":"product-type-simple"},"aioseo_notices":[],"_links":{"self":[{"href":"https:\/\/www.bau-styl.hu\/epitoanyag\/wp-json\/wp\/v2\/product\/47343","targetHints":{"allow":["GET"]}}],"collection":[{"href":"https:\/\/www.bau-styl.hu\/epitoanyag\/wp-json\/wp\/v2\/product"}],"about":[{"href":"https:\/\/www.bau-styl.hu\/epitoanyag\/wp-json\/wp\/v2\/types\/product"}],"wp:featuredmedia":[{"embeddable":true,"href":"https:\/\/www.bau-styl.hu\/epitoanyag\/wp-json\/wp\/v2\/media\/46739"}],"wp:attachment":[{"href":"https:\/\/www.bau-styl.hu\/epitoanyag\/wp-json\/wp\/v2\/media?parent=47343"}],"wp:term":[{"taxonomy":"product_brand","embeddable":true,"href":"https:\/\/www.bau-styl.hu\/epitoanyag\/wp-json\/wp\/v2\/product_brand?post=47343"},{"taxonomy":"product_cat","embeddable":true,"href":"https:\/\/www.bau-styl.hu\/epitoanyag\/wp-json\/wp\/v2\/product_cat?post=47343"},{"taxonomy":"product_tag","embeddable":true,"href":"https:\/\/www.bau-styl.hu\/epitoanyag\/wp-json\/wp\/v2\/product_tag?post=47343"}],"curies":[{"name":"wp","href":"https:\/\/api.w.org\/{rel}","templated":true}]}}