{"id":47350,"date":"2026-03-16T13:37:28","date_gmt":"2026-03-16T11:37:28","guid":{"rendered":"https:\/\/www.bau-styl.hu\/epitoanyag\/?post_type=product&#038;p=47350"},"modified":"2026-03-17T13:00:22","modified_gmt":"2026-03-17T11:00:22","slug":"profilplusz-progress-flat-polirozott-krom-aluminium-lapos-profil-15-mm-2-m-szal","status":"publish","type":"product","link":"https:\/\/www.bau-styl.hu\/epitoanyag\/termek\/profilplusz-progress-flat-polirozott-krom-aluminium-lapos-profil-15-mm-2-m-szal\/","title":{"rendered":"Profilplusz Progress Flat Pol\u00edrozott Kr\u00f3m Alum\u00ednium Lapos Profil 15 mm (2 m\/sz\u00e1l)"},"content":{"rendered":"","protected":false},"excerpt":{"rendered":"","protected":false},"featured_media":0,"template":"","meta":[],"product_brand":[10994],"product_cat":[10813],"product_tag":[],"class_list":{"0":"post-47350","1":"product","2":"type-product","3":"status-publish","5":"product_brand-profilplusz","6":"product_cat-profilok","8":"first","9":"instock","10":"taxable","11":"shipping-taxable","12":"purchasable","13":"product-type-simple"},"aioseo_notices":[],"_links":{"self":[{"href":"https:\/\/www.bau-styl.hu\/epitoanyag\/wp-json\/wp\/v2\/product\/47350","targetHints":{"allow":["GET"]}}],"collection":[{"href":"https:\/\/www.bau-styl.hu\/epitoanyag\/wp-json\/wp\/v2\/product"}],"about":[{"href":"https:\/\/www.bau-styl.hu\/epitoanyag\/wp-json\/wp\/v2\/types\/product"}],"wp:attachment":[{"href":"https:\/\/www.bau-styl.hu\/epitoanyag\/wp-json\/wp\/v2\/media?parent=47350"}],"wp:term":[{"taxonomy":"product_brand","embeddable":true,"href":"https:\/\/www.bau-styl.hu\/epitoanyag\/wp-json\/wp\/v2\/product_brand?post=47350"},{"taxonomy":"product_cat","embeddable":true,"href":"https:\/\/www.bau-styl.hu\/epitoanyag\/wp-json\/wp\/v2\/product_cat?post=47350"},{"taxonomy":"product_tag","embeddable":true,"href":"https:\/\/www.bau-styl.hu\/epitoanyag\/wp-json\/wp\/v2\/product_tag?post=47350"}],"curies":[{"name":"wp","href":"https:\/\/api.w.org\/{rel}","templated":true}]}}