{"id":47372,"date":"2026-03-16T13:37:33","date_gmt":"2026-03-16T11:37:33","guid":{"rendered":"https:\/\/www.bau-styl.hu\/epitoanyag\/?post_type=product&#038;p=47372"},"modified":"2026-03-17T10:28:33","modified_gmt":"2026-03-17T08:28:33","slug":"profilplusz-t-profil-eloxalt-matt-titan-aluminium-burkolatvalto-26-mm-27m-szal","status":"publish","type":"product","link":"https:\/\/www.bau-styl.hu\/epitoanyag\/termek\/profilplusz-t-profil-eloxalt-matt-titan-aluminium-burkolatvalto-26-mm-27m-szal\/","title":{"rendered":"Profilplusz T profil elox\u00e1lt matt tit\u00e1n alum\u00ednium burkolatv\u00e1lt\u00f3 26 mm (2,7m\/sz\u00e1l)"},"content":{"rendered":"","protected":false},"excerpt":{"rendered":"","protected":false},"featured_media":46734,"template":"","meta":[],"product_brand":[10994],"product_cat":[10813],"product_tag":[],"class_list":{"0":"post-47372","1":"product","2":"type-product","3":"status-publish","4":"has-post-thumbnail","6":"product_brand-profilplusz","7":"product_cat-profilok","9":"first","10":"instock","11":"taxable","12":"shipping-taxable","13":"purchasable","14":"product-type-simple"},"aioseo_notices":[],"_links":{"self":[{"href":"https:\/\/www.bau-styl.hu\/epitoanyag\/wp-json\/wp\/v2\/product\/47372","targetHints":{"allow":["GET"]}}],"collection":[{"href":"https:\/\/www.bau-styl.hu\/epitoanyag\/wp-json\/wp\/v2\/product"}],"about":[{"href":"https:\/\/www.bau-styl.hu\/epitoanyag\/wp-json\/wp\/v2\/types\/product"}],"wp:featuredmedia":[{"embeddable":true,"href":"https:\/\/www.bau-styl.hu\/epitoanyag\/wp-json\/wp\/v2\/media\/46734"}],"wp:attachment":[{"href":"https:\/\/www.bau-styl.hu\/epitoanyag\/wp-json\/wp\/v2\/media?parent=47372"}],"wp:term":[{"taxonomy":"product_brand","embeddable":true,"href":"https:\/\/www.bau-styl.hu\/epitoanyag\/wp-json\/wp\/v2\/product_brand?post=47372"},{"taxonomy":"product_cat","embeddable":true,"href":"https:\/\/www.bau-styl.hu\/epitoanyag\/wp-json\/wp\/v2\/product_cat?post=47372"},{"taxonomy":"product_tag","embeddable":true,"href":"https:\/\/www.bau-styl.hu\/epitoanyag\/wp-json\/wp\/v2\/product_tag?post=47372"}],"curies":[{"name":"wp","href":"https:\/\/api.w.org\/{rel}","templated":true}]}}