{"id":47505,"date":"2026-03-16T13:38:01","date_gmt":"2026-03-16T11:38:01","guid":{"rendered":"https:\/\/www.bau-styl.hu\/epitoanyag\/?post_type=product&#038;p=47505"},"modified":"2026-03-17T10:32:55","modified_gmt":"2026-03-17T08:32:55","slug":"roca-the-gap-allo-monoblokkos-wc-fali-tartalyhoz-mely-oblites-vario-lefolyo-szerelo-keszlettel","status":"publish","type":"product","link":"https:\/\/www.bau-styl.hu\/epitoanyag\/termek\/roca-the-gap-allo-monoblokkos-wc-fali-tartalyhoz-mely-oblites-vario-lefolyo-szerelo-keszlettel\/","title":{"rendered":"Roca The Gap \u00c1ll\u00f3 monoblokkos WC fali tart\u00e1lyhoz, m\u00e9ly \u00f6bl\u00edt\u00e9s, vario lefoly\u00f3, szerel\u0151 k\u00e9szlettel"},"content":{"rendered":"","protected":false},"excerpt":{"rendered":"","protected":false},"featured_media":46859,"template":"","meta":[],"product_brand":[11141],"product_cat":[10810],"product_tag":[],"class_list":{"0":"post-47505","1":"product","2":"type-product","3":"status-publish","4":"has-post-thumbnail","6":"product_brand-roca","7":"product_cat-furdoszoba-szaniter","9":"first","10":"instock","11":"taxable","12":"shipping-taxable","13":"purchasable","14":"product-type-simple"},"aioseo_notices":[],"_links":{"self":[{"href":"https:\/\/www.bau-styl.hu\/epitoanyag\/wp-json\/wp\/v2\/product\/47505","targetHints":{"allow":["GET"]}}],"collection":[{"href":"https:\/\/www.bau-styl.hu\/epitoanyag\/wp-json\/wp\/v2\/product"}],"about":[{"href":"https:\/\/www.bau-styl.hu\/epitoanyag\/wp-json\/wp\/v2\/types\/product"}],"wp:featuredmedia":[{"embeddable":true,"href":"https:\/\/www.bau-styl.hu\/epitoanyag\/wp-json\/wp\/v2\/media\/46859"}],"wp:attachment":[{"href":"https:\/\/www.bau-styl.hu\/epitoanyag\/wp-json\/wp\/v2\/media?parent=47505"}],"wp:term":[{"taxonomy":"product_brand","embeddable":true,"href":"https:\/\/www.bau-styl.hu\/epitoanyag\/wp-json\/wp\/v2\/product_brand?post=47505"},{"taxonomy":"product_cat","embeddable":true,"href":"https:\/\/www.bau-styl.hu\/epitoanyag\/wp-json\/wp\/v2\/product_cat?post=47505"},{"taxonomy":"product_tag","embeddable":true,"href":"https:\/\/www.bau-styl.hu\/epitoanyag\/wp-json\/wp\/v2\/product_tag?post=47505"}],"curies":[{"name":"wp","href":"https:\/\/api.w.org\/{rel}","templated":true}]}}