{"id":47533,"date":"2026-03-16T13:38:13","date_gmt":"2026-03-16T11:38:13","guid":{"rendered":"https:\/\/www.bau-styl.hu\/epitoanyag\/?post_type=product&#038;p=47533"},"modified":"2026-03-17T12:42:23","modified_gmt":"2026-03-17T10:42:23","slug":"sanglass-premium-lx-130-a-3-alsoszekreny-mosdoval-mocsar-tolgy-1300x475x520-mm","status":"publish","type":"product","link":"https:\/\/www.bau-styl.hu\/epitoanyag\/termek\/sanglass-premium-lx-130-a-3-alsoszekreny-mosdoval-mocsar-tolgy-1300x475x520-mm\/","title":{"rendered":"Sanglass Premium LX 130 A\/3 Als\u00f3szekr\u00e9ny mosd\u00f3val, mocs\u00e1r t\u00f6lgy, 1300x475x520 mm"},"content":{"rendered":"","protected":false},"excerpt":{"rendered":"","protected":false},"featured_media":47040,"template":"","meta":[],"product_brand":[11159],"product_cat":[10808],"product_tag":[],"class_list":{"0":"post-47533","1":"product","2":"type-product","3":"status-publish","4":"has-post-thumbnail","6":"product_brand-sanglass","7":"product_cat-furdoszoba-butor-tukor","9":"first","10":"instock","11":"taxable","12":"shipping-taxable","13":"purchasable","14":"product-type-simple"},"aioseo_notices":[],"_links":{"self":[{"href":"https:\/\/www.bau-styl.hu\/epitoanyag\/wp-json\/wp\/v2\/product\/47533","targetHints":{"allow":["GET"]}}],"collection":[{"href":"https:\/\/www.bau-styl.hu\/epitoanyag\/wp-json\/wp\/v2\/product"}],"about":[{"href":"https:\/\/www.bau-styl.hu\/epitoanyag\/wp-json\/wp\/v2\/types\/product"}],"wp:featuredmedia":[{"embeddable":true,"href":"https:\/\/www.bau-styl.hu\/epitoanyag\/wp-json\/wp\/v2\/media\/47040"}],"wp:attachment":[{"href":"https:\/\/www.bau-styl.hu\/epitoanyag\/wp-json\/wp\/v2\/media?parent=47533"}],"wp:term":[{"taxonomy":"product_brand","embeddable":true,"href":"https:\/\/www.bau-styl.hu\/epitoanyag\/wp-json\/wp\/v2\/product_brand?post=47533"},{"taxonomy":"product_cat","embeddable":true,"href":"https:\/\/www.bau-styl.hu\/epitoanyag\/wp-json\/wp\/v2\/product_cat?post=47533"},{"taxonomy":"product_tag","embeddable":true,"href":"https:\/\/www.bau-styl.hu\/epitoanyag\/wp-json\/wp\/v2\/product_tag?post=47533"}],"curies":[{"name":"wp","href":"https:\/\/api.w.org\/{rel}","templated":true}]}}