{"id":47540,"date":"2026-03-16T13:38:14","date_gmt":"2026-03-16T11:38:14","guid":{"rendered":"https:\/\/www.bau-styl.hu\/epitoanyag\/?post_type=product&#038;p=47540"},"modified":"2026-03-17T12:42:23","modified_gmt":"2026-03-17T10:42:23","slug":"sapho-alabama-ontottmarvany-kezmoso-36x11x23cm-balos-al794","status":"publish","type":"product","link":"https:\/\/www.bau-styl.hu\/epitoanyag\/termek\/sapho-alabama-ontottmarvany-kezmoso-36x11x23cm-balos-al794\/","title":{"rendered":"Sapho Alabama \u00f6nt\u00f6ttm\u00e1rv\u00e1ny k\u00e9zmos\u00f3 36x11x23cm, balos (AL794)"},"content":{"rendered":"","protected":false},"excerpt":{"rendered":"","protected":false},"featured_media":46788,"template":"","meta":[],"product_brand":[10629],"product_cat":[10810],"product_tag":[],"class_list":{"0":"post-47540","1":"product","2":"type-product","3":"status-publish","4":"has-post-thumbnail","6":"product_brand-sapho","7":"product_cat-furdoszoba-szaniter","9":"first","10":"instock","11":"taxable","12":"shipping-taxable","13":"purchasable","14":"product-type-simple"},"aioseo_notices":[],"_links":{"self":[{"href":"https:\/\/www.bau-styl.hu\/epitoanyag\/wp-json\/wp\/v2\/product\/47540","targetHints":{"allow":["GET"]}}],"collection":[{"href":"https:\/\/www.bau-styl.hu\/epitoanyag\/wp-json\/wp\/v2\/product"}],"about":[{"href":"https:\/\/www.bau-styl.hu\/epitoanyag\/wp-json\/wp\/v2\/types\/product"}],"wp:featuredmedia":[{"embeddable":true,"href":"https:\/\/www.bau-styl.hu\/epitoanyag\/wp-json\/wp\/v2\/media\/46788"}],"wp:attachment":[{"href":"https:\/\/www.bau-styl.hu\/epitoanyag\/wp-json\/wp\/v2\/media?parent=47540"}],"wp:term":[{"taxonomy":"product_brand","embeddable":true,"href":"https:\/\/www.bau-styl.hu\/epitoanyag\/wp-json\/wp\/v2\/product_brand?post=47540"},{"taxonomy":"product_cat","embeddable":true,"href":"https:\/\/www.bau-styl.hu\/epitoanyag\/wp-json\/wp\/v2\/product_cat?post=47540"},{"taxonomy":"product_tag","embeddable":true,"href":"https:\/\/www.bau-styl.hu\/epitoanyag\/wp-json\/wp\/v2\/product_tag?post=47540"}],"curies":[{"name":"wp","href":"https:\/\/api.w.org\/{rel}","templated":true}]}}