{"id":47548,"date":"2026-03-16T13:38:16","date_gmt":"2026-03-16T11:38:16","guid":{"rendered":"https:\/\/www.bau-styl.hu\/epitoanyag\/?post_type=product&#038;p=47548"},"modified":"2026-03-17T12:42:22","modified_gmt":"2026-03-17T10:42:22","slug":"sapho-favolo-torolkozotarto-390mm-szalcsiszolt-inox","status":"publish","type":"product","link":"https:\/\/www.bau-styl.hu\/epitoanyag\/termek\/sapho-favolo-torolkozotarto-390mm-szalcsiszolt-inox\/","title":{"rendered":"Sapho Favolo t\u00f6r\u00f6lk\u00f6z\u0151tart\u00f3, 390mm, sz\u00e1lcsiszolt Inox"},"content":{"rendered":"","protected":false},"excerpt":{"rendered":"","protected":false},"featured_media":47046,"template":"","meta":[],"product_brand":[10629],"product_cat":[10809],"product_tag":[],"class_list":{"0":"post-47548","1":"product","2":"type-product","3":"status-publish","4":"has-post-thumbnail","6":"product_brand-sapho","7":"product_cat-furdoszobai-kiegeszito","9":"first","10":"instock","11":"taxable","12":"shipping-taxable","13":"purchasable","14":"product-type-simple"},"aioseo_notices":[],"_links":{"self":[{"href":"https:\/\/www.bau-styl.hu\/epitoanyag\/wp-json\/wp\/v2\/product\/47548","targetHints":{"allow":["GET"]}}],"collection":[{"href":"https:\/\/www.bau-styl.hu\/epitoanyag\/wp-json\/wp\/v2\/product"}],"about":[{"href":"https:\/\/www.bau-styl.hu\/epitoanyag\/wp-json\/wp\/v2\/types\/product"}],"wp:featuredmedia":[{"embeddable":true,"href":"https:\/\/www.bau-styl.hu\/epitoanyag\/wp-json\/wp\/v2\/media\/47046"}],"wp:attachment":[{"href":"https:\/\/www.bau-styl.hu\/epitoanyag\/wp-json\/wp\/v2\/media?parent=47548"}],"wp:term":[{"taxonomy":"product_brand","embeddable":true,"href":"https:\/\/www.bau-styl.hu\/epitoanyag\/wp-json\/wp\/v2\/product_brand?post=47548"},{"taxonomy":"product_cat","embeddable":true,"href":"https:\/\/www.bau-styl.hu\/epitoanyag\/wp-json\/wp\/v2\/product_cat?post=47548"},{"taxonomy":"product_tag","embeddable":true,"href":"https:\/\/www.bau-styl.hu\/epitoanyag\/wp-json\/wp\/v2\/product_tag?post=47548"}],"curies":[{"name":"wp","href":"https:\/\/api.w.org\/{rel}","templated":true}]}}