{"id":47568,"date":"2026-03-16T13:38:21","date_gmt":"2026-03-16T11:38:21","guid":{"rendered":"https:\/\/www.bau-styl.hu\/epitoanyag\/?post_type=product&#038;p=47568"},"modified":"2026-03-17T12:42:22","modified_gmt":"2026-03-17T10:42:22","slug":"smedbo-sideline-szappantarto-kosar-feher-krom-dk3004","status":"publish","type":"product","link":"https:\/\/www.bau-styl.hu\/epitoanyag\/termek\/smedbo-sideline-szappantarto-kosar-feher-krom-dk3004\/","title":{"rendered":"Smedbo Sideline Szappantart\u00f3 kos\u00e1r feh\u00e9r-kr\u00f3m  DK3004"},"content":{"rendered":"","protected":false},"excerpt":{"rendered":"","protected":false},"featured_media":46797,"template":"","meta":[],"product_brand":[11187],"product_cat":[10809],"product_tag":[],"class_list":{"0":"post-47568","1":"product","2":"type-product","3":"status-publish","4":"has-post-thumbnail","6":"product_brand-smedbo","7":"product_cat-furdoszobai-kiegeszito","9":"first","10":"instock","11":"taxable","12":"shipping-taxable","13":"purchasable","14":"product-type-simple"},"aioseo_notices":[],"_links":{"self":[{"href":"https:\/\/www.bau-styl.hu\/epitoanyag\/wp-json\/wp\/v2\/product\/47568","targetHints":{"allow":["GET"]}}],"collection":[{"href":"https:\/\/www.bau-styl.hu\/epitoanyag\/wp-json\/wp\/v2\/product"}],"about":[{"href":"https:\/\/www.bau-styl.hu\/epitoanyag\/wp-json\/wp\/v2\/types\/product"}],"wp:featuredmedia":[{"embeddable":true,"href":"https:\/\/www.bau-styl.hu\/epitoanyag\/wp-json\/wp\/v2\/media\/46797"}],"wp:attachment":[{"href":"https:\/\/www.bau-styl.hu\/epitoanyag\/wp-json\/wp\/v2\/media?parent=47568"}],"wp:term":[{"taxonomy":"product_brand","embeddable":true,"href":"https:\/\/www.bau-styl.hu\/epitoanyag\/wp-json\/wp\/v2\/product_brand?post=47568"},{"taxonomy":"product_cat","embeddable":true,"href":"https:\/\/www.bau-styl.hu\/epitoanyag\/wp-json\/wp\/v2\/product_cat?post=47568"},{"taxonomy":"product_tag","embeddable":true,"href":"https:\/\/www.bau-styl.hu\/epitoanyag\/wp-json\/wp\/v2\/product_tag?post=47568"}],"curies":[{"name":"wp","href":"https:\/\/api.w.org\/{rel}","templated":true}]}}